{"id":27263,"date":"2023-11-04T01:56:41","date_gmt":"2023-11-04T00:56:41","guid":{"rendered":"http:\/\/innocentiemangonipiante.it\/miscanthus-sinensis-morning-light\/"},"modified":"2023-11-06T15:17:35","modified_gmt":"2023-11-06T14:17:35","slug":"miscanthus-sinensis-morning-light","status":"publish","type":"product","link":"https:\/\/innocentiemangonipiante.it\/fr\/miscanthus-sinensis-morning-light\/","title":{"rendered":"MISCANTHUS sinensis &lsquo;Morning Light&rsquo;"},"content":{"rendered":"<p>Feuilles \u00e9troites, panach\u00e9es de blanc-argent\u00e9.<\/p>\n","protected":false},"excerpt":{"rendered":"<p>Feuilles \u00e9troites, panach\u00e9es de blanc-argent\u00e9.<\/p>\n","protected":false},"featured_media":23304,"template":"","meta":{"_acf_changed":false},"product_brand":[],"product_cat":[8828],"product_tag":[10897],"class_list":{"0":"post-27263","1":"product","2":"type-product","3":"status-publish","4":"has-post-thumbnail","6":"product_cat-herbes-vivaces","7":"product_tag-naturelle","8":"pa_altezza-massima-100-fr","9":"pa_altezza-massima-150-fr","10":"pa_colore-delle-foglie-panachees","11":"pa_colore-fioritura-rose","12":"pa_condizionamento-clt-fr","13":"pa_famiglia-poaceae-fr","14":"pa_genere-miscanthus-fr","15":"pa_origine-japon","16":"pa_periodo-fioritura-octobre","17":"pa_periodo-fioritura-septembre","18":"pa_portamento-eretto-fr","19":"pa_resistenza-climatica-moyenne-elevee","20":"pa_resistenza-del-suolo-resistant-aux-sols-secs","21":"pa_utilizzo-balcons","22":"pa_utilizzo-parcs","23":"pa_utilizzo-petits-jardins","25":"first","26":"instock","27":"purchasable","28":"product-type-simple"},"acf":[],"_links":{"self":[{"href":"https:\/\/innocentiemangonipiante.it\/fr\/wp-json\/wp\/v2\/product\/27263","targetHints":{"allow":["GET"]}}],"collection":[{"href":"https:\/\/innocentiemangonipiante.it\/fr\/wp-json\/wp\/v2\/product"}],"about":[{"href":"https:\/\/innocentiemangonipiante.it\/fr\/wp-json\/wp\/v2\/types\/product"}],"wp:featuredmedia":[{"embeddable":true,"href":"https:\/\/innocentiemangonipiante.it\/fr\/wp-json\/wp\/v2\/media\/23304"}],"wp:attachment":[{"href":"https:\/\/innocentiemangonipiante.it\/fr\/wp-json\/wp\/v2\/media?parent=27263"}],"wp:term":[{"taxonomy":"product_brand","embeddable":true,"href":"https:\/\/innocentiemangonipiante.it\/fr\/wp-json\/wp\/v2\/product_brand?post=27263"},{"taxonomy":"product_cat","embeddable":true,"href":"https:\/\/innocentiemangonipiante.it\/fr\/wp-json\/wp\/v2\/product_cat?post=27263"},{"taxonomy":"product_tag","embeddable":true,"href":"https:\/\/innocentiemangonipiante.it\/fr\/wp-json\/wp\/v2\/product_tag?post=27263"}],"curies":[{"name":"wp","href":"https:\/\/api.w.org\/{rel}","templated":true}]}}