{"id":27273,"date":"2023-11-04T01:58:27","date_gmt":"2023-11-04T00:58:27","guid":{"rendered":"http:\/\/innocentiemangonipiante.it\/morus-platanifolia-fruitless-2\/"},"modified":"2023-11-06T15:18:18","modified_gmt":"2023-11-06T14:18:18","slug":"morus-platanifolia-fruitless-2","status":"publish","type":"product","link":"https:\/\/innocentiemangonipiante.it\/fr\/morus-platanifolia-fruitless-2\/","title":{"rendered":"MORUS platanifolia &lsquo;Fruitless&rsquo;"},"content":{"rendered":"<p>S\u00e9lection st\u00e9rile du Morus Platanifolia. Feuilles profond\u00e9ment lob\u00e9es. Port \u00e9rig\u00e9, \u00e9corce lisse de couleur gris-brune\u00e2tre. Au printemps il produit des abondantes petites fleurs blanches, port\u00e9es sur des chatons pleureurs, apr\u00e8s petits fruits que la plante avortit avant qu\u2019ils arrivent \u00e0 maturation. En conditions extr\u00eames les fruits peuvent \u00eatre port\u00e9s \u00e0 maturation.<\/p>\n","protected":false},"excerpt":{"rendered":"<p>S\u00e9lection st\u00e9rile du Morus Platanifolia. Feuilles profond\u00e9ment lob\u00e9es. Port \u00e9rig\u00e9, \u00e9corce lisse de couleur gris-brune\u00e2tre. Au printemps il produit des abondantes petites fleurs blanches, port\u00e9es sur des chatons pleureurs, apr\u00e8s petits fruits que la plante avortit avant qu\u2019ils arrivent \u00e0 maturation. En conditions extr\u00eames les fruits peuvent \u00eatre port\u00e9s \u00e0 maturation.<\/p>\n","protected":false},"featured_media":23359,"template":"","meta":{"_acf_changed":false},"product_brand":[],"product_cat":[8812,9230],"product_tag":[10897,8400,8432],"class_list":{"0":"post-27273","1":"product","2":"type-product","3":"status-publish","4":"has-post-thumbnail","6":"product_cat-arbres-et-arbustes-a-feuilles-caduques","7":"product_cat-arbres-et-plantes-du-futur","8":"product_tag-naturelle","9":"product_tag-tige","10":"product_tag-tige-plateau-dombrage","11":"pa_altezza-massima-600-fr","12":"pa_altezza-massima-12-metres","13":"pa_colore-fioritura-blanc","14":"pa_condizionamento-clt-fr","15":"pa_condizionamento-motte","16":"pa_famiglia-moraceae-fr","17":"pa_genere-morus-fr","18":"pa_inquinamento-resistance-a-la-pollution","19":"pa_origine-europe-fr","20":"pa_periodo-fioritura-avril","21":"pa_portamento-arrondi","22":"pa_resistenza-climatica-tres-elevee","23":"pa_resistenza-del-suolo-resistant-aux-sols-calcaires","24":"pa_resistenza-del-suolo-resistant-aux-sols-pauvres","25":"pa_resistenza-del-suolo-resistant-aux-sols-secs","26":"pa_salinita-resistance-a-la-salinisation","27":"pa_utilizzo-parcs","29":"first","30":"instock","31":"purchasable","32":"product-type-simple"},"acf":[],"_links":{"self":[{"href":"https:\/\/innocentiemangonipiante.it\/fr\/wp-json\/wp\/v2\/product\/27273","targetHints":{"allow":["GET"]}}],"collection":[{"href":"https:\/\/innocentiemangonipiante.it\/fr\/wp-json\/wp\/v2\/product"}],"about":[{"href":"https:\/\/innocentiemangonipiante.it\/fr\/wp-json\/wp\/v2\/types\/product"}],"wp:featuredmedia":[{"embeddable":true,"href":"https:\/\/innocentiemangonipiante.it\/fr\/wp-json\/wp\/v2\/media\/23359"}],"wp:attachment":[{"href":"https:\/\/innocentiemangonipiante.it\/fr\/wp-json\/wp\/v2\/media?parent=27273"}],"wp:term":[{"taxonomy":"product_brand","embeddable":true,"href":"https:\/\/innocentiemangonipiante.it\/fr\/wp-json\/wp\/v2\/product_brand?post=27273"},{"taxonomy":"product_cat","embeddable":true,"href":"https:\/\/innocentiemangonipiante.it\/fr\/wp-json\/wp\/v2\/product_cat?post=27273"},{"taxonomy":"product_tag","embeddable":true,"href":"https:\/\/innocentiemangonipiante.it\/fr\/wp-json\/wp\/v2\/product_tag?post=27273"}],"curies":[{"name":"wp","href":"https:\/\/api.w.org\/{rel}","templated":true}]}}