{"id":27283,"date":"2023-11-04T02:01:42","date_gmt":"2023-11-04T01:01:42","guid":{"rendered":"http:\/\/innocentiemangonipiante.it\/nerium-oleander-bianco-semplice\/"},"modified":"2023-11-06T15:20:08","modified_gmt":"2023-11-06T14:20:08","slug":"nerium-oleander-bianco-semplice","status":"publish","type":"product","link":"https:\/\/innocentiemangonipiante.it\/fr\/nerium-oleander-bianco-semplice\/","title":{"rendered":"NERIUM oleander &lsquo;Bianco Semplice&rsquo;"},"content":{"rendered":"<p>Arbuste persistant aux feuilles lanc\u00e9ol\u00e9es de couleur verte. En \u00e9t\u00e9, il donne des fleurs en quantit\u00e9. Tr\u00e8s r\u00e9sistant aux brises marines.<\/p>\n","protected":false},"excerpt":{"rendered":"<p>Arbuste persistant aux feuilles lanc\u00e9ol\u00e9es de couleur verte. En \u00e9t\u00e9, il donne des fleurs en quantit\u00e9. Tr\u00e8s r\u00e9sistant aux brises marines.<\/p>\n","protected":false},"featured_media":23419,"template":"","meta":{"_acf_changed":false},"product_brand":[],"product_cat":[8817],"product_tag":[10897,6255,8400],"class_list":{"0":"post-27283","1":"product","2":"type-product","3":"status-publish","4":"has-post-thumbnail","6":"product_cat-arbres-et-arbustes-persistants","7":"product_tag-naturelle","8":"product_tag-demi-tige","9":"product_tag-tige","10":"pa_altezza-massima-200-fr","11":"pa_altezza-massima-400-fr","12":"pa_colore-fioritura-blanc","13":"pa_condizionamento-clt-fr","14":"pa_famiglia-apocynaceae-fr","15":"pa_genere-nerium-fr","16":"pa_origine-asie","17":"pa_origine-europe-mediterraneenne","18":"pa_periodo-fioritura-aout","19":"pa_periodo-fioritura-juillet","20":"pa_periodo-fioritura-juin","21":"pa_portamento-cespuglioso-fr","22":"pa_resistenza-climatica-tres-faible","23":"pa_resistenza-del-suolo-resistant-aux-sols-calcaires","24":"pa_salinita-resistance-a-la-salinisation","25":"pa_utilizzo-balcons","26":"pa_utilizzo-haies","27":"pa_utilizzo-parcs","28":"pa_utilizzo-petits-jardins","30":"first","31":"instock","32":"purchasable","33":"product-type-simple"},"acf":[],"_links":{"self":[{"href":"https:\/\/innocentiemangonipiante.it\/fr\/wp-json\/wp\/v2\/product\/27283","targetHints":{"allow":["GET"]}}],"collection":[{"href":"https:\/\/innocentiemangonipiante.it\/fr\/wp-json\/wp\/v2\/product"}],"about":[{"href":"https:\/\/innocentiemangonipiante.it\/fr\/wp-json\/wp\/v2\/types\/product"}],"wp:featuredmedia":[{"embeddable":true,"href":"https:\/\/innocentiemangonipiante.it\/fr\/wp-json\/wp\/v2\/media\/23419"}],"wp:attachment":[{"href":"https:\/\/innocentiemangonipiante.it\/fr\/wp-json\/wp\/v2\/media?parent=27283"}],"wp:term":[{"taxonomy":"product_brand","embeddable":true,"href":"https:\/\/innocentiemangonipiante.it\/fr\/wp-json\/wp\/v2\/product_brand?post=27283"},{"taxonomy":"product_cat","embeddable":true,"href":"https:\/\/innocentiemangonipiante.it\/fr\/wp-json\/wp\/v2\/product_cat?post=27283"},{"taxonomy":"product_tag","embeddable":true,"href":"https:\/\/innocentiemangonipiante.it\/fr\/wp-json\/wp\/v2\/product_tag?post=27283"}],"curies":[{"name":"wp","href":"https:\/\/api.w.org\/{rel}","templated":true}]}}