{"id":27293,"date":"2023-11-04T02:03:38","date_gmt":"2023-11-04T01:03:38","guid":{"rendered":"http:\/\/innocentiemangonipiante.it\/olea-europaea-cipressino-2\/"},"modified":"2023-11-06T15:22:10","modified_gmt":"2023-11-06T14:22:10","slug":"olea-europaea-cipressino","status":"publish","type":"product","link":"https:\/\/innocentiemangonipiante.it\/fr\/olea-europaea-cipressino\/","title":{"rendered":"OLEA europaea &lsquo;Cipressino&rsquo;"},"content":{"rendered":"<p>Arbre persistant au port pyramidal. Les feuilles sont finement lanc\u00e9ol\u00e9es, de couleur gris-vert sur la face sup\u00e9rieure et argent sur la face inf\u00e9rieure. En \u00e9t\u00e9, il donne des fleurs blanches en panicules, parfum\u00e9es, qui sont suivies de fruits ovo\u00efdaux allant du vert au pourpre. Une fois m\u00fbrs, ils sont bons pour la production de l\u2019huile. R\u00e9sistant au vent.<\/p>\n","protected":false},"excerpt":{"rendered":"<p>Arbre persistant au port pyramidal. Les feuilles sont finement lanc\u00e9ol\u00e9es, de couleur gris-vert sur la face sup\u00e9rieure et argent sur la face inf\u00e9rieure. En \u00e9t\u00e9, il donne des fleurs blanches en panicules, parfum\u00e9es, qui sont suivies de fruits ovo\u00efdaux allant du vert au pourpre. Une fois m\u00fbrs, ils sont bons pour la production de l\u2019huile. [&hellip;]<\/p>\n","protected":false},"featured_media":23479,"template":"","meta":{"_acf_changed":false},"product_brand":[],"product_cat":[8817],"product_tag":[10897,8497,6267,8400],"class_list":{"0":"post-27293","1":"product","2":"type-product","3":"status-publish","4":"has-post-thumbnail","6":"product_cat-arbres-et-arbustes-persistants","7":"product_tag-naturelle","8":"product_tag-cepee-remontee","9":"product_tag-cone","10":"product_tag-tige","11":"pa_altezza-massima-800-fr","12":"pa_altezza-massima-1000-fr-2","13":"pa_colore-delle-foglie-grises","14":"pa_colore-fioritura-blanc","15":"pa_condizionamento-clt-fr","16":"pa_condizionamento-vs-fr","17":"pa_famiglia-oleaceae-fr","18":"pa_genere-olea-fr","19":"pa_origine-italie","20":"pa_periodo-fioritura-juin","21":"pa_periodo-fioritura-mai","22":"pa_periodo-fruttificazione-octobre","23":"pa_portamento-piramidale-fr","24":"pa_profumo-delicat","25":"pa_resistenza-climatica-moyenne","26":"pa_utilizzo-parcs","27":"pa_utilizzo-petits-jardins","29":"first","30":"instock","31":"purchasable","32":"product-type-simple"},"acf":[],"_links":{"self":[{"href":"https:\/\/innocentiemangonipiante.it\/fr\/wp-json\/wp\/v2\/product\/27293","targetHints":{"allow":["GET"]}}],"collection":[{"href":"https:\/\/innocentiemangonipiante.it\/fr\/wp-json\/wp\/v2\/product"}],"about":[{"href":"https:\/\/innocentiemangonipiante.it\/fr\/wp-json\/wp\/v2\/types\/product"}],"wp:featuredmedia":[{"embeddable":true,"href":"https:\/\/innocentiemangonipiante.it\/fr\/wp-json\/wp\/v2\/media\/23479"}],"wp:attachment":[{"href":"https:\/\/innocentiemangonipiante.it\/fr\/wp-json\/wp\/v2\/media?parent=27293"}],"wp:term":[{"taxonomy":"product_brand","embeddable":true,"href":"https:\/\/innocentiemangonipiante.it\/fr\/wp-json\/wp\/v2\/product_brand?post=27293"},{"taxonomy":"product_cat","embeddable":true,"href":"https:\/\/innocentiemangonipiante.it\/fr\/wp-json\/wp\/v2\/product_cat?post=27293"},{"taxonomy":"product_tag","embeddable":true,"href":"https:\/\/innocentiemangonipiante.it\/fr\/wp-json\/wp\/v2\/product_tag?post=27293"}],"curies":[{"name":"wp","href":"https:\/\/api.w.org\/{rel}","templated":true}]}}