{"id":27302,"date":"2023-11-04T02:05:09","date_gmt":"2023-11-04T01:05:09","guid":{"rendered":"http:\/\/innocentiemangonipiante.it\/osmanthus-heterophyllus-purpureus\/"},"modified":"2023-11-06T15:23:06","modified_gmt":"2023-11-06T14:23:06","slug":"osmanthus-heterophyllus-purpureus","status":"publish","type":"product","link":"https:\/\/innocentiemangonipiante.it\/fr\/osmanthus-heterophyllus-purpureus\/","title":{"rendered":"OSMANTHUS heterophyllus &lsquo;Purpureus&rsquo;"},"content":{"rendered":"<p>Arbuste persistant au port compact et aux feuilles elliptiques, les bords sont ondul\u00e9s et \u00e9pineux et la couleur est vert fonc\u00e9. Les nouvelles v\u00e9g\u00e9tations sont de couleur noir-pourpre.<\/p>\n","protected":false},"excerpt":{"rendered":"<p>Arbuste persistant au port compact et aux feuilles elliptiques, les bords sont ondul\u00e9s et \u00e9pineux et la couleur est vert fonc\u00e9. Les nouvelles v\u00e9g\u00e9tations sont de couleur noir-pourpre.<\/p>\n","protected":false},"featured_media":23523,"template":"","meta":{"_acf_changed":false},"product_brand":[],"product_cat":[8817],"product_tag":[10897],"class_list":{"0":"post-27302","1":"product","2":"type-product","3":"status-publish","4":"has-post-thumbnail","6":"product_cat-arbres-et-arbustes-persistants","7":"product_tag-naturelle","8":"pa_altezza-massima-300-fr-2","9":"pa_altezza-massima-400-fr","10":"pa_colore-fioritura-blanc","11":"pa_famiglia-oleaceae-fr","12":"pa_genere-osmanthus-fr","13":"pa_inquinamento-resistance-a-la-pollution","14":"pa_origine-japon","15":"pa_periodo-fioritura-octobre","16":"pa_periodo-fioritura-septembre","17":"pa_portamento-arrondi","18":"pa_profumo-intense-fr","19":"pa_resistenza-climatica-moyenne-elevee","20":"pa_resistenza-del-suolo-resistant-aux-sols-calcaires","21":"pa_utilizzo-parcs","22":"pa_utilizzo-petits-jardins","24":"first","25":"instock","26":"purchasable","27":"product-type-simple"},"acf":[],"_links":{"self":[{"href":"https:\/\/innocentiemangonipiante.it\/fr\/wp-json\/wp\/v2\/product\/27302","targetHints":{"allow":["GET"]}}],"collection":[{"href":"https:\/\/innocentiemangonipiante.it\/fr\/wp-json\/wp\/v2\/product"}],"about":[{"href":"https:\/\/innocentiemangonipiante.it\/fr\/wp-json\/wp\/v2\/types\/product"}],"wp:featuredmedia":[{"embeddable":true,"href":"https:\/\/innocentiemangonipiante.it\/fr\/wp-json\/wp\/v2\/media\/23523"}],"wp:attachment":[{"href":"https:\/\/innocentiemangonipiante.it\/fr\/wp-json\/wp\/v2\/media?parent=27302"}],"wp:term":[{"taxonomy":"product_brand","embeddable":true,"href":"https:\/\/innocentiemangonipiante.it\/fr\/wp-json\/wp\/v2\/product_brand?post=27302"},{"taxonomy":"product_cat","embeddable":true,"href":"https:\/\/innocentiemangonipiante.it\/fr\/wp-json\/wp\/v2\/product_cat?post=27302"},{"taxonomy":"product_tag","embeddable":true,"href":"https:\/\/innocentiemangonipiante.it\/fr\/wp-json\/wp\/v2\/product_tag?post=27302"}],"curies":[{"name":"wp","href":"https:\/\/api.w.org\/{rel}","templated":true}]}}