{"id":27303,"date":"2023-11-04T02:05:49","date_gmt":"2023-11-04T01:05:49","guid":{"rendered":"http:\/\/innocentiemangonipiante.it\/ostrya-carpinifolia-2\/"},"modified":"2023-11-06T15:23:36","modified_gmt":"2023-11-06T14:23:36","slug":"ostrya-carpinifolia","status":"publish","type":"product","link":"https:\/\/innocentiemangonipiante.it\/fr\/ostrya-carpinifolia\/","title":{"rendered":"OSTRYA carpinifolia"},"content":{"rendered":"<p>Arbre avec port de largement conique \u00e0 arrondi avec feuilles ov\u00e9es et doublement dent\u00e9l\u00e9es de couleur vert fonc\u00e9 jusqu\u2019\u00e0 10cm de longueur. Supportant la s\u00e9cheresse, feuillage d\u2019une jolie couleur jaune lumineuse \u00e0 l\u2019automne.<\/p>\n","protected":false},"excerpt":{"rendered":"<p>Arbre avec port de largement conique \u00e0 arrondi avec feuilles ov\u00e9es et doublement dent\u00e9l\u00e9es de couleur vert fonc\u00e9 jusqu\u2019\u00e0 10cm de longueur. Supportant la s\u00e9cheresse, feuillage d\u2019une jolie couleur jaune lumineuse \u00e0 l\u2019automne.<\/p>\n","protected":false},"featured_media":23529,"template":"","meta":{"_acf_changed":false},"product_brand":[],"product_cat":[8812,9230],"product_tag":[10897],"class_list":{"0":"post-27303","1":"product","2":"type-product","3":"status-publish","4":"has-post-thumbnail","6":"product_cat-arbres-et-arbustes-a-feuilles-caduques","7":"product_cat-arbres-et-plantes-du-futur","8":"product_tag-naturelle","9":"pa_altezza-massima-15-metres","10":"pa_altezza-massima-20-metres","11":"pa_colore-fioritura-blanc","12":"pa_famiglia-carpinaceae-fr","13":"pa_genere-ostrya-fr","14":"pa_inquinamento-resistance-a-la-pollution","15":"pa_origine-europe-centrale","16":"pa_periodo-fioritura-avril","17":"pa_portamento-piramidale-fr","18":"pa_resistenza-climatica-tres-elevee","19":"pa_resistenza-del-suolo-resistant-aux-sols-calcaires","20":"pa_resistenza-del-suolo-resistant-aux-sols-pauvres","21":"pa_resistenza-del-suolo-resistant-aux-sols-secs","22":"pa_salinita-resistance-a-la-salinisation","23":"pa_utilizzo-avenues-fr","24":"pa_utilizzo-parcs","26":"first","27":"instock","28":"purchasable","29":"product-type-simple"},"acf":[],"_links":{"self":[{"href":"https:\/\/innocentiemangonipiante.it\/fr\/wp-json\/wp\/v2\/product\/27303","targetHints":{"allow":["GET"]}}],"collection":[{"href":"https:\/\/innocentiemangonipiante.it\/fr\/wp-json\/wp\/v2\/product"}],"about":[{"href":"https:\/\/innocentiemangonipiante.it\/fr\/wp-json\/wp\/v2\/types\/product"}],"wp:featuredmedia":[{"embeddable":true,"href":"https:\/\/innocentiemangonipiante.it\/fr\/wp-json\/wp\/v2\/media\/23529"}],"wp:attachment":[{"href":"https:\/\/innocentiemangonipiante.it\/fr\/wp-json\/wp\/v2\/media?parent=27303"}],"wp:term":[{"taxonomy":"product_brand","embeddable":true,"href":"https:\/\/innocentiemangonipiante.it\/fr\/wp-json\/wp\/v2\/product_brand?post=27303"},{"taxonomy":"product_cat","embeddable":true,"href":"https:\/\/innocentiemangonipiante.it\/fr\/wp-json\/wp\/v2\/product_cat?post=27303"},{"taxonomy":"product_tag","embeddable":true,"href":"https:\/\/innocentiemangonipiante.it\/fr\/wp-json\/wp\/v2\/product_tag?post=27303"}],"curies":[{"name":"wp","href":"https:\/\/api.w.org\/{rel}","templated":true}]}}