{"id":27319,"date":"2023-11-04T02:08:38","date_gmt":"2023-11-04T01:08:38","guid":{"rendered":"http:\/\/innocentiemangonipiante.it\/pennisetum-alopecuroides-hameln\/"},"modified":"2023-11-06T15:25:23","modified_gmt":"2023-11-06T14:25:23","slug":"pennisetum-alopecuroides-hameln","status":"publish","type":"product","link":"https:\/\/innocentiemangonipiante.it\/fr\/pennisetum-alopecuroides-hameln\/","title":{"rendered":"PENNISETUM alopecuroides &lsquo;Hameln&rsquo;"},"content":{"rendered":"<p>Vivace persistante, avec feuille aplatie, lin\u00e9aire de couleur vert fonc\u00e9 qui vire au jaune dor\u00e9 en automne. Le port est compacte et la floraison pr\u00e9coce en \u00e9pis d\u2019abord blanc-verts apr\u00e8s gris-marron de 12 cm de longitud.<\/p>\n","protected":false},"excerpt":{"rendered":"<p>Vivace persistante, avec feuille aplatie, lin\u00e9aire de couleur vert fonc\u00e9 qui vire au jaune dor\u00e9 en automne. Le port est compacte et la floraison pr\u00e9coce en \u00e9pis d\u2019abord blanc-verts apr\u00e8s gris-marron de 12 cm de longitud.<\/p>\n","protected":false},"featured_media":23595,"template":"","meta":{"_acf_changed":false},"product_brand":[],"product_cat":[9788],"product_tag":[10897],"class_list":{"0":"post-27319","1":"product","2":"type-product","3":"status-publish","4":"has-post-thumbnail","6":"product_cat-graminees","7":"product_tag-naturelle","8":"pa_altezza-massima-0_80-metres","9":"pa_altezza-massima-130-fr","10":"pa_colore-fioritura-blanc","11":"pa_condizionamento-clt-fr","12":"pa_famiglia-poaceae-fr","13":"pa_genere-pennisetum-fr","14":"pa_origine-asie","15":"pa_periodo-fioritura-avril","16":"pa_periodo-fioritura-mai","17":"pa_portamento-eretto-fr","18":"pa_resistenza-climatica-tres-elevee","19":"pa_resistenza-del-suolo-resistant-aux-sols-secs","20":"pa_utilizzo-balcons","21":"pa_utilizzo-parcs","22":"pa_utilizzo-petits-jardins","24":"first","25":"instock","26":"purchasable","27":"product-type-simple"},"acf":[],"_links":{"self":[{"href":"https:\/\/innocentiemangonipiante.it\/fr\/wp-json\/wp\/v2\/product\/27319","targetHints":{"allow":["GET"]}}],"collection":[{"href":"https:\/\/innocentiemangonipiante.it\/fr\/wp-json\/wp\/v2\/product"}],"about":[{"href":"https:\/\/innocentiemangonipiante.it\/fr\/wp-json\/wp\/v2\/types\/product"}],"wp:featuredmedia":[{"embeddable":true,"href":"https:\/\/innocentiemangonipiante.it\/fr\/wp-json\/wp\/v2\/media\/23595"}],"wp:attachment":[{"href":"https:\/\/innocentiemangonipiante.it\/fr\/wp-json\/wp\/v2\/media?parent=27319"}],"wp:term":[{"taxonomy":"product_brand","embeddable":true,"href":"https:\/\/innocentiemangonipiante.it\/fr\/wp-json\/wp\/v2\/product_brand?post=27319"},{"taxonomy":"product_cat","embeddable":true,"href":"https:\/\/innocentiemangonipiante.it\/fr\/wp-json\/wp\/v2\/product_cat?post=27319"},{"taxonomy":"product_tag","embeddable":true,"href":"https:\/\/innocentiemangonipiante.it\/fr\/wp-json\/wp\/v2\/product_tag?post=27319"}],"curies":[{"name":"wp","href":"https:\/\/api.w.org\/{rel}","templated":true}]}}