{"id":27356,"date":"2023-11-04T02:15:06","date_gmt":"2023-11-04T01:15:06","guid":{"rendered":"http:\/\/innocentiemangonipiante.it\/photinia-x-fraseri-pink-marble-2\/"},"modified":"2023-11-06T15:29:05","modified_gmt":"2023-11-06T14:29:05","slug":"photinia-x-fraseri-pink-marble","status":"publish","type":"product","link":"https:\/\/innocentiemangonipiante.it\/fr\/photinia-x-fraseri-pink-marble\/","title":{"rendered":"PHOTINIA x fraseri &lsquo;Pink Marble&rsquo; \u00ae"},"content":{"rendered":"<p>Arbuste persistant tr\u00e8s d\u00e9coratif gr\u00e2ce \u00e0 son feuillage panach\u00e9 tr\u00e8s sp\u00e9cial. Les feuilles son bord\u00e9es de blanc cr\u00e8me. La nouvelle pousse est rouge bord\u00e9e de rose.<\/p>\n","protected":false},"excerpt":{"rendered":"<p>Arbuste persistant tr\u00e8s d\u00e9coratif gr\u00e2ce \u00e0 son feuillage panach\u00e9 tr\u00e8s sp\u00e9cial. Les feuilles son bord\u00e9es de blanc cr\u00e8me. La nouvelle pousse est rouge bord\u00e9e de rose.<\/p>\n","protected":false},"featured_media":23742,"template":"","meta":{"_acf_changed":false},"product_brand":[],"product_cat":[8817],"product_tag":[10897],"class_list":{"0":"post-27356","1":"product","2":"type-product","3":"status-publish","4":"has-post-thumbnail","6":"product_cat-arbres-et-arbustes-persistants","7":"product_tag-naturelle","8":"pa_altezza-massima-300-fr-2","9":"pa_altezza-massima-500-fr","10":"pa_colore-delle-foglie-panachees","11":"pa_colore-fioritura-blanc","12":"pa_famiglia-rosaceae-fr","13":"pa_genere-photinia-fr","14":"pa_origine-origine-delle-piante-u-s-a","15":"pa_periodo-fioritura-avril","16":"pa_periodo-fioritura-mars","17":"pa_portamento-eretto-fr","18":"pa_profumo-delicat","19":"pa_resistenza-climatica-moyenne-elevee","20":"pa_resistenza-del-suolo-resistant-aux-sols-calcaires","21":"pa_resistenza-del-suolo-resistant-aux-sols-secs","22":"pa_salinita-resistance-a-la-salinisation","23":"pa_utilizzo-haies","24":"pa_utilizzo-parcs","25":"pa_utilizzo-petits-jardins","27":"first","28":"instock","29":"purchasable","30":"product-type-simple"},"acf":[],"_links":{"self":[{"href":"https:\/\/innocentiemangonipiante.it\/fr\/wp-json\/wp\/v2\/product\/27356","targetHints":{"allow":["GET"]}}],"collection":[{"href":"https:\/\/innocentiemangonipiante.it\/fr\/wp-json\/wp\/v2\/product"}],"about":[{"href":"https:\/\/innocentiemangonipiante.it\/fr\/wp-json\/wp\/v2\/types\/product"}],"wp:featuredmedia":[{"embeddable":true,"href":"https:\/\/innocentiemangonipiante.it\/fr\/wp-json\/wp\/v2\/media\/23742"}],"wp:attachment":[{"href":"https:\/\/innocentiemangonipiante.it\/fr\/wp-json\/wp\/v2\/media?parent=27356"}],"wp:term":[{"taxonomy":"product_brand","embeddable":true,"href":"https:\/\/innocentiemangonipiante.it\/fr\/wp-json\/wp\/v2\/product_brand?post=27356"},{"taxonomy":"product_cat","embeddable":true,"href":"https:\/\/innocentiemangonipiante.it\/fr\/wp-json\/wp\/v2\/product_cat?post=27356"},{"taxonomy":"product_tag","embeddable":true,"href":"https:\/\/innocentiemangonipiante.it\/fr\/wp-json\/wp\/v2\/product_tag?post=27356"}],"curies":[{"name":"wp","href":"https:\/\/api.w.org\/{rel}","templated":true}]}}