{"id":27369,"date":"2023-11-04T02:18:12","date_gmt":"2023-11-04T01:18:12","guid":{"rendered":"http:\/\/innocentiemangonipiante.it\/picea-orientalis-aureospicata\/"},"modified":"2023-11-06T15:31:13","modified_gmt":"2023-11-06T14:31:13","slug":"picea-orientalis-aureospicata","status":"publish","type":"product","link":"https:\/\/innocentiemangonipiante.it\/fr\/picea-orientalis-aureospicata\/","title":{"rendered":"PICEA orientalis &lsquo;Aureospicata&rsquo;"},"content":{"rendered":"<p>Belle conif\u00e8re avec port tr\u00e8s int\u00e9ressant. Les branches lat\u00e9rales sont d&rsquo;abord horizontaux, apr\u00e8s ils remontent \u00e0 45 \u00b0 et puis ils retombent sur la nouvelle pousse. Aureospicata est une s\u00e9lection o\u00f9 la nouvelle pousse est de couleur jaune pour environ 6 semaines.<\/p>\n","protected":false},"excerpt":{"rendered":"<p>Belle conif\u00e8re avec port tr\u00e8s int\u00e9ressant. Les branches lat\u00e9rales sont d&rsquo;abord horizontaux, apr\u00e8s ils remontent \u00e0 45 \u00b0 et puis ils retombent sur la nouvelle pousse. Aureospicata est une s\u00e9lection o\u00f9 la nouvelle pousse est de couleur jaune pour environ 6 semaines.<\/p>\n","protected":false},"featured_media":55839,"template":"","meta":{"_acf_changed":false},"product_brand":[],"product_cat":[8824],"product_tag":[10897],"class_list":{"0":"post-27369","1":"product","2":"type-product","3":"status-publish","4":"has-post-thumbnail","6":"product_cat-coniferes","7":"product_tag-naturelle","8":"pa_altezza-massima-500-fr","9":"pa_altezza-massima-800-fr","10":"pa_famiglia-pinaceae-fr","11":"pa_genere-picea-fr","12":"pa_origine-europe-fr","13":"pa_portamento-conico-fr","14":"pa_resistenza-climatica-tres-elevee","15":"pa_resistenza-del-suolo-resistant-au-sol-humide","16":"pa_utilizzo-parcs","17":"pa_utilizzo-petits-jardins","19":"first","20":"instock","21":"purchasable","22":"product-type-simple"},"acf":[],"_links":{"self":[{"href":"https:\/\/innocentiemangonipiante.it\/fr\/wp-json\/wp\/v2\/product\/27369","targetHints":{"allow":["GET"]}}],"collection":[{"href":"https:\/\/innocentiemangonipiante.it\/fr\/wp-json\/wp\/v2\/product"}],"about":[{"href":"https:\/\/innocentiemangonipiante.it\/fr\/wp-json\/wp\/v2\/types\/product"}],"wp:featuredmedia":[{"embeddable":true,"href":"https:\/\/innocentiemangonipiante.it\/fr\/wp-json\/wp\/v2\/media\/55839"}],"wp:attachment":[{"href":"https:\/\/innocentiemangonipiante.it\/fr\/wp-json\/wp\/v2\/media?parent=27369"}],"wp:term":[{"taxonomy":"product_brand","embeddable":true,"href":"https:\/\/innocentiemangonipiante.it\/fr\/wp-json\/wp\/v2\/product_brand?post=27369"},{"taxonomy":"product_cat","embeddable":true,"href":"https:\/\/innocentiemangonipiante.it\/fr\/wp-json\/wp\/v2\/product_cat?post=27369"},{"taxonomy":"product_tag","embeddable":true,"href":"https:\/\/innocentiemangonipiante.it\/fr\/wp-json\/wp\/v2\/product_tag?post=27369"}],"curies":[{"name":"wp","href":"https:\/\/api.w.org\/{rel}","templated":true}]}}