{"id":27376,"date":"2023-11-04T02:20:08","date_gmt":"2023-11-04T01:20:08","guid":{"rendered":"http:\/\/innocentiemangonipiante.it\/pinus-densiflora-alice-verkade\/"},"modified":"2023-11-06T15:32:41","modified_gmt":"2023-11-06T14:32:41","slug":"pinus-densiflora-alice-verkade","status":"publish","type":"product","link":"https:\/\/innocentiemangonipiante.it\/fr\/pinus-densiflora-alice-verkade\/","title":{"rendered":"PINUS densiflora &lsquo;Alice Verkade&rsquo;"},"content":{"rendered":"<p>Conif\u00e8re dense avec aiguilles longues de couleur vert clair et nouvelle pousse vert l\u00e9g\u00e8re. Il s&rsquo;adapte \u00e0 tous types de sols, aussi aux sols calcaires.<\/p>\n","protected":false},"excerpt":{"rendered":"<p>Conif\u00e8re dense avec aiguilles longues de couleur vert clair et nouvelle pousse vert l\u00e9g\u00e8re. Il s&rsquo;adapte \u00e0 tous types de sols, aussi aux sols calcaires.<\/p>\n","protected":false},"featured_media":23832,"template":"","meta":{"_acf_changed":false},"product_brand":[],"product_cat":[8824],"product_tag":[10897],"class_list":{"0":"post-27376","1":"product","2":"type-product","3":"status-publish","4":"has-post-thumbnail","6":"product_cat-coniferes","7":"product_tag-naturelle","8":"pa_altezza-massima-150-fr","9":"pa_altezza-massima-200-fr","10":"pa_famiglia-pinaceae-fr","11":"pa_genere-pinus-fr","12":"pa_inquinamento-resistance-a-la-pollution","13":"pa_origine-origine-delle-piante-u-s-a","14":"pa_portamento-arrondi","15":"pa_resistenza-climatica-tres-elevee","16":"pa_utilizzo-balcons","17":"pa_utilizzo-petits-jardins","19":"first","20":"instock","21":"purchasable","22":"product-type-simple"},"acf":[],"_links":{"self":[{"href":"https:\/\/innocentiemangonipiante.it\/fr\/wp-json\/wp\/v2\/product\/27376","targetHints":{"allow":["GET"]}}],"collection":[{"href":"https:\/\/innocentiemangonipiante.it\/fr\/wp-json\/wp\/v2\/product"}],"about":[{"href":"https:\/\/innocentiemangonipiante.it\/fr\/wp-json\/wp\/v2\/types\/product"}],"wp:featuredmedia":[{"embeddable":true,"href":"https:\/\/innocentiemangonipiante.it\/fr\/wp-json\/wp\/v2\/media\/23832"}],"wp:attachment":[{"href":"https:\/\/innocentiemangonipiante.it\/fr\/wp-json\/wp\/v2\/media?parent=27376"}],"wp:term":[{"taxonomy":"product_brand","embeddable":true,"href":"https:\/\/innocentiemangonipiante.it\/fr\/wp-json\/wp\/v2\/product_brand?post=27376"},{"taxonomy":"product_cat","embeddable":true,"href":"https:\/\/innocentiemangonipiante.it\/fr\/wp-json\/wp\/v2\/product_cat?post=27376"},{"taxonomy":"product_tag","embeddable":true,"href":"https:\/\/innocentiemangonipiante.it\/fr\/wp-json\/wp\/v2\/product_tag?post=27376"}],"curies":[{"name":"wp","href":"https:\/\/api.w.org\/{rel}","templated":true}]}}