{"id":27380,"date":"2023-11-04T02:20:41","date_gmt":"2023-11-04T01:20:41","guid":{"rendered":"http:\/\/innocentiemangonipiante.it\/pinus-leucodermis-compact-gem\/"},"modified":"2023-11-06T15:32:54","modified_gmt":"2023-11-06T14:32:54","slug":"pinus-leucodermis-compact-gem","status":"publish","type":"product","link":"https:\/\/innocentiemangonipiante.it\/fr\/pinus-leucodermis-compact-gem\/","title":{"rendered":"PINUS leucodermis &lsquo;Compact Gem&rsquo;"},"content":{"rendered":"<p>Conif\u00e8re \u00e0 croissance lente et au port compact et conique. Les branches sont \u00e9rig\u00e9es avec des aiguilles vert fonc\u00e9es tr\u00e8s rigides.<\/p>\n","protected":false},"excerpt":{"rendered":"<p>Conif\u00e8re \u00e0 croissance lente et au port compact et conique. Les branches sont \u00e9rig\u00e9es avec des aiguilles vert fonc\u00e9es tr\u00e8s rigides.<\/p>\n","protected":false},"featured_media":23851,"template":"","meta":{"_acf_changed":false},"product_brand":[],"product_cat":[8824],"product_tag":[10897],"class_list":{"0":"post-27380","1":"product","2":"type-product","3":"status-publish","4":"has-post-thumbnail","6":"product_cat-coniferes","7":"product_tag-naturelle","8":"pa_altezza-massima-200-fr","9":"pa_altezza-massima-400-fr","10":"pa_famiglia-pinaceae-fr","11":"pa_genere-pinus-fr","12":"pa_inquinamento-resistance-a-la-pollution","13":"pa_origine-angleterre","14":"pa_portamento-conico-fr","15":"pa_resistenza-climatica-tres-elevee","16":"pa_resistenza-del-suolo-resistant-aux-sols-calcaires","17":"pa_resistenza-del-suolo-resistant-aux-sols-secs","18":"pa_utilizzo-petits-jardins","20":"first","21":"instock","22":"purchasable","23":"product-type-simple"},"acf":[],"_links":{"self":[{"href":"https:\/\/innocentiemangonipiante.it\/fr\/wp-json\/wp\/v2\/product\/27380","targetHints":{"allow":["GET"]}}],"collection":[{"href":"https:\/\/innocentiemangonipiante.it\/fr\/wp-json\/wp\/v2\/product"}],"about":[{"href":"https:\/\/innocentiemangonipiante.it\/fr\/wp-json\/wp\/v2\/types\/product"}],"wp:featuredmedia":[{"embeddable":true,"href":"https:\/\/innocentiemangonipiante.it\/fr\/wp-json\/wp\/v2\/media\/23851"}],"wp:attachment":[{"href":"https:\/\/innocentiemangonipiante.it\/fr\/wp-json\/wp\/v2\/media?parent=27380"}],"wp:term":[{"taxonomy":"product_brand","embeddable":true,"href":"https:\/\/innocentiemangonipiante.it\/fr\/wp-json\/wp\/v2\/product_brand?post=27380"},{"taxonomy":"product_cat","embeddable":true,"href":"https:\/\/innocentiemangonipiante.it\/fr\/wp-json\/wp\/v2\/product_cat?post=27380"},{"taxonomy":"product_tag","embeddable":true,"href":"https:\/\/innocentiemangonipiante.it\/fr\/wp-json\/wp\/v2\/product_tag?post=27380"}],"curies":[{"name":"wp","href":"https:\/\/api.w.org\/{rel}","templated":true}]}}