{"id":27385,"date":"2023-11-04T02:21:23","date_gmt":"2023-11-04T01:21:23","guid":{"rendered":"http:\/\/innocentiemangonipiante.it\/pinus-mugo-gnom-2\/"},"modified":"2023-11-06T15:33:13","modified_gmt":"2023-11-06T14:33:13","slug":"pinus-mugo-gnom","status":"publish","type":"product","link":"https:\/\/innocentiemangonipiante.it\/fr\/pinus-mugo-gnom\/","title":{"rendered":"PINUS mugo &lsquo;Gnom&rsquo;"},"content":{"rendered":"<p>Le port est dense et globuleux, feuillage vert fonc\u00e9. C&rsquo;est une des meilleures vari\u00e9t\u00e9s naines.<\/p>\n","protected":false},"excerpt":{"rendered":"<p>Le port est dense et globuleux, feuillage vert fonc\u00e9. C&rsquo;est une des meilleures vari\u00e9t\u00e9s naines.<\/p>\n","protected":false},"featured_media":23881,"template":"","meta":{"_acf_changed":false},"product_brand":[],"product_cat":[8824,9230],"product_tag":[10897],"class_list":{"0":"post-27385","1":"product","2":"type-product","3":"status-publish","4":"has-post-thumbnail","6":"product_cat-coniferes","7":"product_cat-arbres-et-plantes-du-futur","8":"product_tag-naturelle","9":"pa_altezza-massima-200-fr","10":"pa_altezza-massima-300-fr-2","11":"pa_famiglia-pinaceae-fr","12":"pa_genere-pinus-fr","13":"pa_inquinamento-resistance-a-la-pollution","14":"pa_origine-europe-centrale","15":"pa_portamento-arrondi","16":"pa_resistenza-climatica-tres-elevee","17":"pa_resistenza-del-suolo-resistant-aux-sols-calcaires","18":"pa_salinita-resistance-a-la-salinisation","19":"pa_utilizzo-balcons","20":"pa_utilizzo-petits-jardins","22":"first","23":"instock","24":"purchasable","25":"product-type-simple"},"acf":[],"_links":{"self":[{"href":"https:\/\/innocentiemangonipiante.it\/fr\/wp-json\/wp\/v2\/product\/27385","targetHints":{"allow":["GET"]}}],"collection":[{"href":"https:\/\/innocentiemangonipiante.it\/fr\/wp-json\/wp\/v2\/product"}],"about":[{"href":"https:\/\/innocentiemangonipiante.it\/fr\/wp-json\/wp\/v2\/types\/product"}],"wp:featuredmedia":[{"embeddable":true,"href":"https:\/\/innocentiemangonipiante.it\/fr\/wp-json\/wp\/v2\/media\/23881"}],"wp:attachment":[{"href":"https:\/\/innocentiemangonipiante.it\/fr\/wp-json\/wp\/v2\/media?parent=27385"}],"wp:term":[{"taxonomy":"product_brand","embeddable":true,"href":"https:\/\/innocentiemangonipiante.it\/fr\/wp-json\/wp\/v2\/product_brand?post=27385"},{"taxonomy":"product_cat","embeddable":true,"href":"https:\/\/innocentiemangonipiante.it\/fr\/wp-json\/wp\/v2\/product_cat?post=27385"},{"taxonomy":"product_tag","embeddable":true,"href":"https:\/\/innocentiemangonipiante.it\/fr\/wp-json\/wp\/v2\/product_tag?post=27385"}],"curies":[{"name":"wp","href":"https:\/\/api.w.org\/{rel}","templated":true}]}}