{"id":27416,"date":"2023-11-04T02:30:36","date_gmt":"2023-11-04T01:30:36","guid":{"rendered":"http:\/\/innocentiemangonipiante.it\/prunus-caroliniana\/"},"modified":"2023-11-06T15:38:51","modified_gmt":"2023-11-06T14:38:51","slug":"prunus-caroliniana","status":"publish","type":"product","link":"https:\/\/innocentiemangonipiante.it\/fr\/prunus-caroliniana\/","title":{"rendered":"PRUNUS caroliniana"},"content":{"rendered":"<p>Grand arbuste ou petit arbre persistant tr\u00e8s resistant au froid. Arbre robuste indiqu\u00e9 pour plusierus genres des terrains, avec feuilles luisantes de couleur verte tr\u00e9s fonc\u00e9e de 10 cm de longueur et 2,5 de largeur. Il produit des fleurs blanches parfum\u00e9es \u00e0 la fin de l\u2019hivier, d\u00e9but du printemps, suivi des baies de couleur bleu-noir.<\/p>\n","protected":false},"excerpt":{"rendered":"<p>Grand arbuste ou petit arbre persistant tr\u00e8s resistant au froid. Arbre robuste indiqu\u00e9 pour plusierus genres des terrains, avec feuilles luisantes de couleur verte tr\u00e9s fonc\u00e9e de 10 cm de longueur et 2,5 de largeur. Il produit des fleurs blanches parfum\u00e9es \u00e0 la fin de l\u2019hivier, d\u00e9but du printemps, suivi des baies de couleur bleu-noir.<\/p>\n","protected":false},"featured_media":24002,"template":"","meta":{"_acf_changed":false},"product_brand":[],"product_cat":[8812],"product_tag":[10897],"class_list":{"0":"post-27416","1":"product","2":"type-product","3":"status-publish","4":"has-post-thumbnail","6":"product_cat-arbres-et-arbustes-a-feuilles-caduques","7":"product_tag-naturelle","8":"pa_altezza-massima-600-fr","9":"pa_altezza-massima-12-metres","10":"pa_colore-fioritura-blanc","11":"pa_famiglia-rosaceae-fr","12":"pa_genere-prunus-fr","13":"pa_origine-sud-de-leurope-fr","14":"pa_periodo-fioritura-fevrier","15":"pa_periodo-fioritura-mars","16":"pa_portamento-arrondi","17":"pa_profumo-delicat","18":"pa_resistenza-climatica-tres-elevee","19":"pa_resistenza-del-suolo-resistant-aux-sols-calcaires","20":"pa_utilizzo-balcons","21":"pa_utilizzo-parcs","22":"pa_utilizzo-petits-jardins","24":"first","25":"instock","26":"purchasable","27":"product-type-simple"},"acf":[],"_links":{"self":[{"href":"https:\/\/innocentiemangonipiante.it\/fr\/wp-json\/wp\/v2\/product\/27416","targetHints":{"allow":["GET"]}}],"collection":[{"href":"https:\/\/innocentiemangonipiante.it\/fr\/wp-json\/wp\/v2\/product"}],"about":[{"href":"https:\/\/innocentiemangonipiante.it\/fr\/wp-json\/wp\/v2\/types\/product"}],"wp:featuredmedia":[{"embeddable":true,"href":"https:\/\/innocentiemangonipiante.it\/fr\/wp-json\/wp\/v2\/media\/24002"}],"wp:attachment":[{"href":"https:\/\/innocentiemangonipiante.it\/fr\/wp-json\/wp\/v2\/media?parent=27416"}],"wp:term":[{"taxonomy":"product_brand","embeddable":true,"href":"https:\/\/innocentiemangonipiante.it\/fr\/wp-json\/wp\/v2\/product_brand?post=27416"},{"taxonomy":"product_cat","embeddable":true,"href":"https:\/\/innocentiemangonipiante.it\/fr\/wp-json\/wp\/v2\/product_cat?post=27416"},{"taxonomy":"product_tag","embeddable":true,"href":"https:\/\/innocentiemangonipiante.it\/fr\/wp-json\/wp\/v2\/product_tag?post=27416"}],"curies":[{"name":"wp","href":"https:\/\/api.w.org\/{rel}","templated":true}]}}