{"id":27429,"date":"2023-11-04T02:34:07","date_gmt":"2023-11-04T01:34:07","guid":{"rendered":"http:\/\/innocentiemangonipiante.it\/prunus-serrulata-amanogawa-2\/"},"modified":"2023-11-06T15:41:21","modified_gmt":"2023-11-06T14:41:21","slug":"prunus-serrulata-amanogawa","status":"publish","type":"product","link":"https:\/\/innocentiemangonipiante.it\/fr\/prunus-serrulata-amanogawa\/","title":{"rendered":"PRUNUS serrulata &lsquo;Amanogawa&rsquo;"},"content":{"rendered":"<p>Arbre \u00e0 feuille caduque au port \u00e9troitement colonnaire. Les branches \u00e9rig\u00e9es portent des feuilles altern\u00e9es, elliptiques, pointues, dentel\u00e9es, d\u2019abord bronz\u00e9es puis vertes fonc\u00e9es. A partir de fin avril, il donne des fleurs doubles de couleur rose clair d\u2019un diam\u00e8tre de 3-4 cm.<\/p>\n","protected":false},"excerpt":{"rendered":"<p>Arbre \u00e0 feuille caduque au port \u00e9troitement colonnaire. Les branches \u00e9rig\u00e9es portent des feuilles altern\u00e9es, elliptiques, pointues, dentel\u00e9es, d\u2019abord bronz\u00e9es puis vertes fonc\u00e9es. A partir de fin avril, il donne des fleurs doubles de couleur rose clair d\u2019un diam\u00e8tre de 3-4 cm.<\/p>\n","protected":false},"featured_media":24065,"template":"","meta":{"_acf_changed":false},"product_brand":[],"product_cat":[8812],"product_tag":[10897],"class_list":{"0":"post-27429","1":"product","2":"type-product","3":"status-publish","4":"has-post-thumbnail","6":"product_cat-arbres-et-arbustes-a-feuilles-caduques","7":"product_tag-naturelle","8":"pa_altezza-massima-500-fr","9":"pa_altezza-massima-800-fr","10":"pa_colore-fioritura-rose","11":"pa_famiglia-rosaceae-fr","12":"pa_genere-prunus-fr","13":"pa_inquinamento-resistance-a-la-pollution","14":"pa_origine-asie-orientale","15":"pa_periodo-fioritura-avril","16":"pa_periodo-fioritura-mai","17":"pa_portamento-de-colonne","18":"pa_resistenza-climatica-tres-elevee","19":"pa_resistenza-del-suolo-resistant-aux-sols-calcaires","20":"pa_utilizzo-avenues-fr","21":"pa_utilizzo-parcs","22":"pa_utilizzo-petits-jardins","24":"first","25":"instock","26":"purchasable","27":"product-type-simple"},"acf":[],"_links":{"self":[{"href":"https:\/\/innocentiemangonipiante.it\/fr\/wp-json\/wp\/v2\/product\/27429","targetHints":{"allow":["GET"]}}],"collection":[{"href":"https:\/\/innocentiemangonipiante.it\/fr\/wp-json\/wp\/v2\/product"}],"about":[{"href":"https:\/\/innocentiemangonipiante.it\/fr\/wp-json\/wp\/v2\/types\/product"}],"wp:featuredmedia":[{"embeddable":true,"href":"https:\/\/innocentiemangonipiante.it\/fr\/wp-json\/wp\/v2\/media\/24065"}],"wp:attachment":[{"href":"https:\/\/innocentiemangonipiante.it\/fr\/wp-json\/wp\/v2\/media?parent=27429"}],"wp:term":[{"taxonomy":"product_brand","embeddable":true,"href":"https:\/\/innocentiemangonipiante.it\/fr\/wp-json\/wp\/v2\/product_brand?post=27429"},{"taxonomy":"product_cat","embeddable":true,"href":"https:\/\/innocentiemangonipiante.it\/fr\/wp-json\/wp\/v2\/product_cat?post=27429"},{"taxonomy":"product_tag","embeddable":true,"href":"https:\/\/innocentiemangonipiante.it\/fr\/wp-json\/wp\/v2\/product_tag?post=27429"}],"curies":[{"name":"wp","href":"https:\/\/api.w.org\/{rel}","templated":true}]}}