{"id":27438,"date":"2023-11-04T02:36:30","date_gmt":"2023-11-04T01:36:30","guid":{"rendered":"http:\/\/innocentiemangonipiante.it\/prunus-armeniaca-garden-aprigold\/"},"modified":"2023-11-06T15:42:23","modified_gmt":"2023-11-06T14:42:23","slug":"prunus-armeniaca-garden-aprigold","status":"publish","type":"product","link":"https:\/\/innocentiemangonipiante.it\/fr\/prunus-armeniaca-garden-aprigold\/","title":{"rendered":"PRUNUS ARMENIACA &lsquo;Garden aprigold&rsquo;"},"content":{"rendered":"<p>Ce cultivar d&rsquo;abricot nain a un port compact mais dress\u00e9. Les fleurs rose p\u00e2le autofertiles apparaissent au milieu du printemps et se transforment en fruits jaune orang\u00e9 pr\u00eats \u00e0 \u00eatre r\u00e9colt\u00e9s au milieu ou \u00e0 la fin de l&rsquo;\u00e9t\u00e9.<\/p>\n","protected":false},"excerpt":{"rendered":"<p>Ce cultivar d&rsquo;abricot nain a un port compact mais dress\u00e9. Les fleurs rose p\u00e2le autofertiles apparaissent au milieu du printemps et se transforment en fruits jaune orang\u00e9 pr\u00eats \u00e0 \u00eatre r\u00e9colt\u00e9s au milieu ou \u00e0 la fin de l&rsquo;\u00e9t\u00e9.<\/p>\n","protected":false},"featured_media":0,"template":"","meta":{"_acf_changed":false},"product_brand":[],"product_cat":[8808],"product_tag":[10897,8735],"class_list":{"0":"post-27438","1":"product","2":"type-product","3":"status-publish","5":"product_cat-fruitiers","6":"product_tag-naturelle","7":"product_tag-quart-de-tige","8":"pa_altezza-massima-500-fr","9":"pa_altezza-massima-800-fr","10":"pa_arte-topiaria-disponible-plante-en-forme","11":"pa_colore-fioritura-rose","12":"pa_condizionamento-pot-carre","13":"pa_famiglia-rosaceae-fr","14":"pa_genere-prunus-armeniaca-fr","15":"pa_origine-france-fr","16":"pa_periodo-fioritura-avril","17":"pa_periodo-fruttificazione-aout","18":"pa_periodo-fruttificazione-septembre","19":"pa_portamento-arrondi","20":"pa_resistenza-climatica-moyenne-elevee","21":"pa_resistenza-del-suolo-resistant-aux-sols-calcaires","22":"pa_utilizzo-petits-jardins","24":"first","25":"instock","26":"purchasable","27":"product-type-simple"},"acf":[],"_links":{"self":[{"href":"https:\/\/innocentiemangonipiante.it\/fr\/wp-json\/wp\/v2\/product\/27438","targetHints":{"allow":["GET"]}}],"collection":[{"href":"https:\/\/innocentiemangonipiante.it\/fr\/wp-json\/wp\/v2\/product"}],"about":[{"href":"https:\/\/innocentiemangonipiante.it\/fr\/wp-json\/wp\/v2\/types\/product"}],"wp:attachment":[{"href":"https:\/\/innocentiemangonipiante.it\/fr\/wp-json\/wp\/v2\/media?parent=27438"}],"wp:term":[{"taxonomy":"product_brand","embeddable":true,"href":"https:\/\/innocentiemangonipiante.it\/fr\/wp-json\/wp\/v2\/product_brand?post=27438"},{"taxonomy":"product_cat","embeddable":true,"href":"https:\/\/innocentiemangonipiante.it\/fr\/wp-json\/wp\/v2\/product_cat?post=27438"},{"taxonomy":"product_tag","embeddable":true,"href":"https:\/\/innocentiemangonipiante.it\/fr\/wp-json\/wp\/v2\/product_tag?post=27438"}],"curies":[{"name":"wp","href":"https:\/\/api.w.org\/{rel}","templated":true}]}}