{"id":27442,"date":"2023-11-04T02:36:59","date_gmt":"2023-11-04T01:36:59","guid":{"rendered":"http:\/\/innocentiemangonipiante.it\/prunus-armeniaca-precoce-cremonini\/"},"modified":"2023-11-06T15:42:34","modified_gmt":"2023-11-06T14:42:34","slug":"prunus-armeniaca-precoce-cremonini","status":"publish","type":"product","link":"https:\/\/innocentiemangonipiante.it\/fr\/prunus-armeniaca-precoce-cremonini\/","title":{"rendered":"PRUNUS ARMENIACA &lsquo;Precoce Cremonini&rsquo;"},"content":{"rendered":"<p>Arbre pr\u00e9coce tr\u00e8s productif, aux fruits jaune clair de taille moyenne. La maturation pr\u00e9coce a lieu d\u00e9but juin. Il pr\u00e9f\u00e8re les climats chauds, tol\u00e8re bien la s\u00e9cheresse, mais craint les zones humides.<\/p>\n","protected":false},"excerpt":{"rendered":"<p>Arbre pr\u00e9coce tr\u00e8s productif, aux fruits jaune clair de taille moyenne. La maturation pr\u00e9coce a lieu d\u00e9but juin. Il pr\u00e9f\u00e8re les climats chauds, tol\u00e8re bien la s\u00e9cheresse, mais craint les zones humides.<\/p>\n","protected":false},"featured_media":0,"template":"","meta":{"_acf_changed":false},"product_brand":[],"product_cat":[8808],"product_tag":[10897],"class_list":{"0":"post-27442","1":"product","2":"type-product","3":"status-publish","5":"product_cat-fruitiers","6":"product_tag-naturelle","7":"pa_altezza-massima-500-fr","8":"pa_altezza-massima-800-fr","9":"pa_colore-fioritura-blanc","10":"pa_famiglia-rosaceae-fr","11":"pa_genere-prunus-armeniaca-fr","12":"pa_origine-asie","13":"pa_periodo-fioritura-avril","14":"pa_periodo-fioritura-mars","15":"pa_periodo-fruttificazione-juin","16":"pa_portamento-arrondi","17":"pa_resistenza-climatica-moyenne-elevee","18":"pa_resistenza-del-suolo-resistant-aux-sols-secs","19":"pa_utilizzo-petits-jardins","21":"first","22":"instock","23":"purchasable","24":"product-type-simple"},"acf":[],"_links":{"self":[{"href":"https:\/\/innocentiemangonipiante.it\/fr\/wp-json\/wp\/v2\/product\/27442","targetHints":{"allow":["GET"]}}],"collection":[{"href":"https:\/\/innocentiemangonipiante.it\/fr\/wp-json\/wp\/v2\/product"}],"about":[{"href":"https:\/\/innocentiemangonipiante.it\/fr\/wp-json\/wp\/v2\/types\/product"}],"wp:attachment":[{"href":"https:\/\/innocentiemangonipiante.it\/fr\/wp-json\/wp\/v2\/media?parent=27442"}],"wp:term":[{"taxonomy":"product_brand","embeddable":true,"href":"https:\/\/innocentiemangonipiante.it\/fr\/wp-json\/wp\/v2\/product_brand?post=27442"},{"taxonomy":"product_cat","embeddable":true,"href":"https:\/\/innocentiemangonipiante.it\/fr\/wp-json\/wp\/v2\/product_cat?post=27442"},{"taxonomy":"product_tag","embeddable":true,"href":"https:\/\/innocentiemangonipiante.it\/fr\/wp-json\/wp\/v2\/product_tag?post=27442"}],"curies":[{"name":"wp","href":"https:\/\/api.w.org\/{rel}","templated":true}]}}