{"id":27445,"date":"2023-11-04T02:37:19","date_gmt":"2023-11-04T01:37:19","guid":{"rendered":"http:\/\/innocentiemangonipiante.it\/prunus-armeniaca-tyrinthos\/"},"modified":"2023-11-06T15:42:43","modified_gmt":"2023-11-06T14:42:43","slug":"prunus-armeniaca-tyrinthos","status":"publish","type":"product","link":"https:\/\/innocentiemangonipiante.it\/fr\/prunus-armeniaca-tyrinthos\/","title":{"rendered":"PRUNUS ARMENIACA &lsquo;Tyrinthos&rsquo;"},"content":{"rendered":"<p>Vari\u00e9t\u00e9 pr\u00e9coce, fruit mi-grand, peau tach\u00e9e de rouge.<\/p>\n","protected":false},"excerpt":{"rendered":"<p>Vari\u00e9t\u00e9 pr\u00e9coce, fruit mi-grand, peau tach\u00e9e de rouge.<\/p>\n","protected":false},"featured_media":24131,"template":"","meta":{"_acf_changed":false},"product_brand":[],"product_cat":[8808],"product_tag":[10897,6255,8750,8735],"class_list":{"0":"post-27445","1":"product","2":"type-product","3":"status-publish","4":"has-post-thumbnail","6":"product_cat-fruitiers","7":"product_tag-naturelle","8":"product_tag-demi-tige","9":"product_tag-espalier-fr","10":"product_tag-quart-de-tige","11":"pa_altezza-massima-500-fr","12":"pa_altezza-massima-800-fr","13":"pa_arte-topiaria-disponible-plante-en-forme","14":"pa_colore-fioritura-blanc","15":"pa_condizionamento-clt-fr","16":"pa_famiglia-rosaceae-fr","17":"pa_genere-prunus-armeniaca-fr","18":"pa_origine-greece-fr","19":"pa_periodo-fioritura-avril","20":"pa_periodo-fioritura-mars","21":"pa_periodo-fruttificazione-juin","22":"pa_portamento-arrondi","23":"pa_resistenza-climatica-moyenne-elevee","24":"pa_resistenza-del-suolo-resistant-aux-sols-calcaires","25":"pa_utilizzo-petits-jardins","27":"first","28":"instock","29":"purchasable","30":"product-type-simple"},"acf":[],"_links":{"self":[{"href":"https:\/\/innocentiemangonipiante.it\/fr\/wp-json\/wp\/v2\/product\/27445","targetHints":{"allow":["GET"]}}],"collection":[{"href":"https:\/\/innocentiemangonipiante.it\/fr\/wp-json\/wp\/v2\/product"}],"about":[{"href":"https:\/\/innocentiemangonipiante.it\/fr\/wp-json\/wp\/v2\/types\/product"}],"wp:featuredmedia":[{"embeddable":true,"href":"https:\/\/innocentiemangonipiante.it\/fr\/wp-json\/wp\/v2\/media\/24131"}],"wp:attachment":[{"href":"https:\/\/innocentiemangonipiante.it\/fr\/wp-json\/wp\/v2\/media?parent=27445"}],"wp:term":[{"taxonomy":"product_brand","embeddable":true,"href":"https:\/\/innocentiemangonipiante.it\/fr\/wp-json\/wp\/v2\/product_brand?post=27445"},{"taxonomy":"product_cat","embeddable":true,"href":"https:\/\/innocentiemangonipiante.it\/fr\/wp-json\/wp\/v2\/product_cat?post=27445"},{"taxonomy":"product_tag","embeddable":true,"href":"https:\/\/innocentiemangonipiante.it\/fr\/wp-json\/wp\/v2\/product_tag?post=27445"}],"curies":[{"name":"wp","href":"https:\/\/api.w.org\/{rel}","templated":true}]}}