{"id":27453,"date":"2023-11-04T02:38:17","date_gmt":"2023-11-04T01:38:17","guid":{"rendered":"http:\/\/innocentiemangonipiante.it\/prunus-avium-bigarreau-reverchon\/"},"modified":"2023-11-06T15:43:42","modified_gmt":"2023-11-06T14:43:42","slug":"prunus-avium-bigarreau-reverchon","status":"publish","type":"product","link":"https:\/\/innocentiemangonipiante.it\/fr\/prunus-avium-bigarreau-reverchon\/","title":{"rendered":"PRUNUS AVIUM &lsquo;Bigarreau Reverchon&rsquo;"},"content":{"rendered":"<p>Vari\u00e9t\u00e9 tardive, fruit mi-grand, rouge fonc\u00e9.<\/p>\n","protected":false},"excerpt":{"rendered":"<p>Vari\u00e9t\u00e9 tardive, fruit mi-grand, rouge fonc\u00e9.<\/p>\n","protected":false},"featured_media":24169,"template":"","meta":{"_acf_changed":false},"product_brand":[],"product_cat":[8808],"product_tag":[10897,6255,8735],"class_list":{"0":"post-27453","1":"product","2":"type-product","3":"status-publish","4":"has-post-thumbnail","6":"product_cat-fruitiers","7":"product_tag-naturelle","8":"product_tag-demi-tige","9":"product_tag-quart-de-tige","10":"pa_altezza-massima-500-fr","11":"pa_altezza-massima-1000-fr-2","12":"pa_arte-topiaria-disponible-plante-en-forme","13":"pa_colore-fioritura-blanc","14":"pa_condizionamento-clt-fr","15":"pa_famiglia-rosaceae-fr","16":"pa_genere-prunus-avium-fr","17":"pa_origine-italie","18":"pa_periodo-fioritura-avril","19":"pa_periodo-fioritura-mars","20":"pa_periodo-fruttificazione-juillet","21":"pa_periodo-fruttificazione-juin","22":"pa_portamento-arrondi","23":"pa_profumo-delicat","24":"pa_resistenza-climatica-moyenne-elevee","25":"pa_utilizzo-petits-jardins","27":"first","28":"instock","29":"purchasable","30":"product-type-simple"},"acf":[],"_links":{"self":[{"href":"https:\/\/innocentiemangonipiante.it\/fr\/wp-json\/wp\/v2\/product\/27453","targetHints":{"allow":["GET"]}}],"collection":[{"href":"https:\/\/innocentiemangonipiante.it\/fr\/wp-json\/wp\/v2\/product"}],"about":[{"href":"https:\/\/innocentiemangonipiante.it\/fr\/wp-json\/wp\/v2\/types\/product"}],"wp:featuredmedia":[{"embeddable":true,"href":"https:\/\/innocentiemangonipiante.it\/fr\/wp-json\/wp\/v2\/media\/24169"}],"wp:attachment":[{"href":"https:\/\/innocentiemangonipiante.it\/fr\/wp-json\/wp\/v2\/media?parent=27453"}],"wp:term":[{"taxonomy":"product_brand","embeddable":true,"href":"https:\/\/innocentiemangonipiante.it\/fr\/wp-json\/wp\/v2\/product_brand?post=27453"},{"taxonomy":"product_cat","embeddable":true,"href":"https:\/\/innocentiemangonipiante.it\/fr\/wp-json\/wp\/v2\/product_cat?post=27453"},{"taxonomy":"product_tag","embeddable":true,"href":"https:\/\/innocentiemangonipiante.it\/fr\/wp-json\/wp\/v2\/product_tag?post=27453"}],"curies":[{"name":"wp","href":"https:\/\/api.w.org\/{rel}","templated":true}]}}