{"id":27455,"date":"2023-11-04T02:38:31","date_gmt":"2023-11-04T01:38:31","guid":{"rendered":"http:\/\/innocentiemangonipiante.it\/prunus-avium-cerasella\/"},"modified":"2023-11-06T15:43:49","modified_gmt":"2023-11-06T14:43:49","slug":"prunus-avium-cerasella","status":"publish","type":"product","link":"https:\/\/innocentiemangonipiante.it\/fr\/prunus-avium-cerasella\/","title":{"rendered":"PRUNUS AVIUM &lsquo;Cerasella&rsquo;"},"content":{"rendered":"<p>Vari\u00e9t\u00e9 naine, fruit rouge fonc\u00e9.<\/p>\n","protected":false},"excerpt":{"rendered":"<p>Vari\u00e9t\u00e9 naine, fruit rouge fonc\u00e9.<\/p>\n","protected":false},"featured_media":24181,"template":"","meta":{"_acf_changed":false},"product_brand":[],"product_cat":[8808],"product_tag":[10897,8735],"class_list":{"0":"post-27455","1":"product","2":"type-product","3":"status-publish","4":"has-post-thumbnail","6":"product_cat-fruitiers","7":"product_tag-naturelle","8":"product_tag-quart-de-tige","9":"pa_altezza-massima-500-fr","10":"pa_altezza-massima-1000-fr-2","11":"pa_arte-topiaria-disponible-plante-en-forme","12":"pa_colore-fioritura-blanc","13":"pa_condizionamento-pot-carre","14":"pa_famiglia-rosaceae-fr","15":"pa_genere-prunus-avium-fr","16":"pa_origine-italie","17":"pa_periodo-fioritura-avril","18":"pa_periodo-fioritura-mai","19":"pa_periodo-fruttificazione-juillet","20":"pa_periodo-fruttificazione-juin","21":"pa_portamento-arrondi","22":"pa_profumo-delicat","23":"pa_resistenza-climatica-moyenne-elevee","24":"pa_utilizzo-parcs","25":"pa_utilizzo-petits-jardins","27":"first","28":"instock","29":"purchasable","30":"product-type-simple"},"acf":[],"_links":{"self":[{"href":"https:\/\/innocentiemangonipiante.it\/fr\/wp-json\/wp\/v2\/product\/27455","targetHints":{"allow":["GET"]}}],"collection":[{"href":"https:\/\/innocentiemangonipiante.it\/fr\/wp-json\/wp\/v2\/product"}],"about":[{"href":"https:\/\/innocentiemangonipiante.it\/fr\/wp-json\/wp\/v2\/types\/product"}],"wp:featuredmedia":[{"embeddable":true,"href":"https:\/\/innocentiemangonipiante.it\/fr\/wp-json\/wp\/v2\/media\/24181"}],"wp:attachment":[{"href":"https:\/\/innocentiemangonipiante.it\/fr\/wp-json\/wp\/v2\/media?parent=27455"}],"wp:term":[{"taxonomy":"product_brand","embeddable":true,"href":"https:\/\/innocentiemangonipiante.it\/fr\/wp-json\/wp\/v2\/product_brand?post=27455"},{"taxonomy":"product_cat","embeddable":true,"href":"https:\/\/innocentiemangonipiante.it\/fr\/wp-json\/wp\/v2\/product_cat?post=27455"},{"taxonomy":"product_tag","embeddable":true,"href":"https:\/\/innocentiemangonipiante.it\/fr\/wp-json\/wp\/v2\/product_tag?post=27455"}],"curies":[{"name":"wp","href":"https:\/\/api.w.org\/{rel}","templated":true}]}}