{"id":27466,"date":"2023-11-04T02:39:50","date_gmt":"2023-11-04T01:39:50","guid":{"rendered":"http:\/\/innocentiemangonipiante.it\/prunus-persica-amber\/"},"modified":"2023-11-06T15:44:19","modified_gmt":"2023-11-06T14:44:19","slug":"prunus-persica-amber","status":"publish","type":"product","link":"https:\/\/innocentiemangonipiante.it\/fr\/prunus-persica-amber\/","title":{"rendered":"PRUNUS PERSICA &lsquo;Amber&rsquo;"},"content":{"rendered":"<p>Vari\u00e9t\u00e9 naine. Il fleurit en mars et porte ses fruits en ao\u00fbt.<\/p>\n","protected":false},"excerpt":{"rendered":"<p>Vari\u00e9t\u00e9 naine. Il fleurit en mars et porte ses fruits en ao\u00fbt.<\/p>\n","protected":false},"featured_media":0,"template":"","meta":{"_acf_changed":false},"product_brand":[],"product_cat":[8808],"product_tag":[10897],"class_list":{"0":"post-27466","1":"product","2":"type-product","3":"status-publish","5":"product_cat-fruitiers","6":"product_tag-naturelle","7":"pa_altezza-massima-100-fr","8":"pa_altezza-massima-150-fr","9":"pa_colore-fioritura-rose","10":"pa_famiglia-rosaceae-fr","11":"pa_genere-prunus-persica-fr","12":"pa_origine-france-fr","13":"pa_periodo-fioritura-mars","14":"pa_periodo-fruttificazione-aout","15":"pa_portamento-arrondi","16":"pa_profumo-delicat","17":"pa_resistenza-climatica-moyenne-elevee","18":"pa_utilizzo-petits-jardins","20":"first","21":"instock","22":"purchasable","23":"product-type-simple"},"acf":[],"_links":{"self":[{"href":"https:\/\/innocentiemangonipiante.it\/fr\/wp-json\/wp\/v2\/product\/27466","targetHints":{"allow":["GET"]}}],"collection":[{"href":"https:\/\/innocentiemangonipiante.it\/fr\/wp-json\/wp\/v2\/product"}],"about":[{"href":"https:\/\/innocentiemangonipiante.it\/fr\/wp-json\/wp\/v2\/types\/product"}],"wp:attachment":[{"href":"https:\/\/innocentiemangonipiante.it\/fr\/wp-json\/wp\/v2\/media?parent=27466"}],"wp:term":[{"taxonomy":"product_brand","embeddable":true,"href":"https:\/\/innocentiemangonipiante.it\/fr\/wp-json\/wp\/v2\/product_brand?post=27466"},{"taxonomy":"product_cat","embeddable":true,"href":"https:\/\/innocentiemangonipiante.it\/fr\/wp-json\/wp\/v2\/product_cat?post=27466"},{"taxonomy":"product_tag","embeddable":true,"href":"https:\/\/innocentiemangonipiante.it\/fr\/wp-json\/wp\/v2\/product_tag?post=27466"}],"curies":[{"name":"wp","href":"https:\/\/api.w.org\/{rel}","templated":true}]}}