{"id":27468,"date":"2023-11-04T02:40:03","date_gmt":"2023-11-04T01:40:03","guid":{"rendered":"http:\/\/innocentiemangonipiante.it\/prunus-persica-armiking\/"},"modified":"2023-11-06T15:44:23","modified_gmt":"2023-11-06T14:44:23","slug":"prunus-persica-armiking","status":"publish","type":"product","link":"https:\/\/innocentiemangonipiante.it\/fr\/prunus-persica-armiking\/","title":{"rendered":"PRUNUS PERSICA &lsquo;Armiking&rsquo;"},"content":{"rendered":"<p>Arbre \u00e0 fruits de taille moyenne, \u00e0 peau rouge lisse et \u00e0 pulpe jaune, m\u00fbrissant fin juin.<\/p>\n","protected":false},"excerpt":{"rendered":"<p>Arbre \u00e0 fruits de taille moyenne, \u00e0 peau rouge lisse et \u00e0 pulpe jaune, m\u00fbrissant fin juin.<\/p>\n","protected":false},"featured_media":0,"template":"","meta":{"_acf_changed":false},"product_brand":[],"product_cat":[8808],"product_tag":[10897,6255],"class_list":{"0":"post-27468","1":"product","2":"type-product","3":"status-publish","5":"product_cat-fruitiers","6":"product_tag-naturelle","7":"product_tag-demi-tige","8":"pa_altezza-massima-300-fr-2","9":"pa_altezza-massima-600-fr","10":"pa_arte-topiaria-disponible-plante-en-forme","11":"pa_colore-fioritura-rose","12":"pa_condizionamento-clt-fr","13":"pa_famiglia-rosaceae-fr","14":"pa_genere-prunus-persica-fr","15":"pa_origine-origine-delle-piante-u-s-a","16":"pa_periodo-fioritura-mars","17":"pa_periodo-fruttificazione-aout","18":"pa_periodo-fruttificazione-juin","19":"pa_portamento-arrondi","20":"pa_profumo-delicat","21":"pa_resistenza-climatica-moyenne-elevee","22":"pa_utilizzo-petits-jardins","24":"first","25":"instock","26":"purchasable","27":"product-type-simple"},"acf":[],"_links":{"self":[{"href":"https:\/\/innocentiemangonipiante.it\/fr\/wp-json\/wp\/v2\/product\/27468","targetHints":{"allow":["GET"]}}],"collection":[{"href":"https:\/\/innocentiemangonipiante.it\/fr\/wp-json\/wp\/v2\/product"}],"about":[{"href":"https:\/\/innocentiemangonipiante.it\/fr\/wp-json\/wp\/v2\/types\/product"}],"wp:attachment":[{"href":"https:\/\/innocentiemangonipiante.it\/fr\/wp-json\/wp\/v2\/media?parent=27468"}],"wp:term":[{"taxonomy":"product_brand","embeddable":true,"href":"https:\/\/innocentiemangonipiante.it\/fr\/wp-json\/wp\/v2\/product_brand?post=27468"},{"taxonomy":"product_cat","embeddable":true,"href":"https:\/\/innocentiemangonipiante.it\/fr\/wp-json\/wp\/v2\/product_cat?post=27468"},{"taxonomy":"product_tag","embeddable":true,"href":"https:\/\/innocentiemangonipiante.it\/fr\/wp-json\/wp\/v2\/product_tag?post=27468"}],"curies":[{"name":"wp","href":"https:\/\/api.w.org\/{rel}","templated":true}]}}