{"id":27470,"date":"2023-11-04T02:40:16","date_gmt":"2023-11-04T01:40:16","guid":{"rendered":"http:\/\/innocentiemangonipiante.it\/prunus-persica-bonanza\/"},"modified":"2023-11-06T15:44:27","modified_gmt":"2023-11-06T14:44:27","slug":"prunus-persica-bonanza","status":"publish","type":"product","link":"https:\/\/innocentiemangonipiante.it\/fr\/prunus-persica-bonanza\/","title":{"rendered":"PRUNUS PERSICA &lsquo;Bonanza&rsquo;"},"content":{"rendered":"<p>Vari\u00e9t\u00e9 naine de p\u00eacher qui produit des fleurs doubles de couleur rose sombre remplac\u00e9es par des p\u00eaches \u00e0 la peau recouverte d\u2019un duvet tr\u00e8s fin et \u00e0 la chair de couleur jaune.<\/p>\n","protected":false},"excerpt":{"rendered":"<p>Vari\u00e9t\u00e9 naine de p\u00eacher qui produit des fleurs doubles de couleur rose sombre remplac\u00e9es par des p\u00eaches \u00e0 la peau recouverte d\u2019un duvet tr\u00e8s fin et \u00e0 la chair de couleur jaune.<\/p>\n","protected":false},"featured_media":24226,"template":"","meta":{"_acf_changed":false},"product_brand":[],"product_cat":[8808],"product_tag":[10897,8735],"class_list":{"0":"post-27470","1":"product","2":"type-product","3":"status-publish","4":"has-post-thumbnail","6":"product_cat-fruitiers","7":"product_tag-naturelle","8":"product_tag-quart-de-tige","9":"pa_altezza-massima-200-fr","10":"pa_altezza-massima-400-fr","11":"pa_arte-topiaria-disponible-plante-en-forme","12":"pa_colore-fioritura-rose","13":"pa_condizionamento-pot-carre","14":"pa_famiglia-rosaceae-fr","15":"pa_genere-prunus-persica-fr","16":"pa_origine-origine-delle-piante-u-s-a","17":"pa_periodo-fioritura-avril","18":"pa_periodo-fioritura-mars","19":"pa_periodo-fruttificazione-juillet","20":"pa_portamento-arrondi","21":"pa_profumo-delicat","22":"pa_resistenza-climatica-moyenne-elevee","23":"pa_utilizzo-avenues-fr","24":"pa_utilizzo-petits-jardins","26":"first","27":"instock","28":"purchasable","29":"product-type-simple"},"acf":[],"_links":{"self":[{"href":"https:\/\/innocentiemangonipiante.it\/fr\/wp-json\/wp\/v2\/product\/27470","targetHints":{"allow":["GET"]}}],"collection":[{"href":"https:\/\/innocentiemangonipiante.it\/fr\/wp-json\/wp\/v2\/product"}],"about":[{"href":"https:\/\/innocentiemangonipiante.it\/fr\/wp-json\/wp\/v2\/types\/product"}],"wp:featuredmedia":[{"embeddable":true,"href":"https:\/\/innocentiemangonipiante.it\/fr\/wp-json\/wp\/v2\/media\/24226"}],"wp:attachment":[{"href":"https:\/\/innocentiemangonipiante.it\/fr\/wp-json\/wp\/v2\/media?parent=27470"}],"wp:term":[{"taxonomy":"product_brand","embeddable":true,"href":"https:\/\/innocentiemangonipiante.it\/fr\/wp-json\/wp\/v2\/product_brand?post=27470"},{"taxonomy":"product_cat","embeddable":true,"href":"https:\/\/innocentiemangonipiante.it\/fr\/wp-json\/wp\/v2\/product_cat?post=27470"},{"taxonomy":"product_tag","embeddable":true,"href":"https:\/\/innocentiemangonipiante.it\/fr\/wp-json\/wp\/v2\/product_tag?post=27470"}],"curies":[{"name":"wp","href":"https:\/\/api.w.org\/{rel}","templated":true}]}}