{"id":27471,"date":"2023-11-04T02:40:23","date_gmt":"2023-11-04T01:40:23","guid":{"rendered":"http:\/\/innocentiemangonipiante.it\/prunus-persica-crimson-bonfire\/"},"modified":"2023-11-06T15:44:30","modified_gmt":"2023-11-06T14:44:30","slug":"prunus-persica-crimson-bonfire","status":"publish","type":"product","link":"https:\/\/innocentiemangonipiante.it\/fr\/prunus-persica-crimson-bonfire\/","title":{"rendered":"PRUNUS PERSICA &lsquo;Crimson Bonfire&rsquo;"},"content":{"rendered":"<p>Vari\u00e9t\u00e9 naine aux feuilles rouge fonc\u00e9 en fin d&rsquo;\u00e9t\u00e9 produit des fruits \u00e0 pulpe jaune.<\/p>\n","protected":false},"excerpt":{"rendered":"<p>Vari\u00e9t\u00e9 naine aux feuilles rouge fonc\u00e9 en fin d&rsquo;\u00e9t\u00e9 produit des fruits \u00e0 pulpe jaune.<\/p>\n","protected":false},"featured_media":59121,"template":"","meta":{"_acf_changed":false},"product_brand":[],"product_cat":[8808],"product_tag":[10897],"class_list":{"0":"post-27471","1":"product","2":"type-product","3":"status-publish","4":"has-post-thumbnail","6":"product_cat-fruitiers","7":"product_tag-naturelle","8":"pa_altezza-massima-100-fr","9":"pa_altezza-massima-150-fr","10":"pa_colore-delle-foglie-rouge","11":"pa_colore-fioritura-rose","12":"pa_famiglia-rosaceae-fr","13":"pa_genere-prunus-persica-fr","14":"pa_origine-france-fr","15":"pa_periodo-fioritura-fevrier","16":"pa_periodo-fioritura-mars","17":"pa_periodo-fruttificazione-aout","18":"pa_periodo-fruttificazione-septembre","19":"pa_portamento-arrondi","20":"pa_profumo-delicat","21":"pa_resistenza-climatica-moyenne-elevee","22":"pa_utilizzo-petits-jardins","24":"first","25":"instock","26":"purchasable","27":"product-type-simple"},"acf":[],"_links":{"self":[{"href":"https:\/\/innocentiemangonipiante.it\/fr\/wp-json\/wp\/v2\/product\/27471","targetHints":{"allow":["GET"]}}],"collection":[{"href":"https:\/\/innocentiemangonipiante.it\/fr\/wp-json\/wp\/v2\/product"}],"about":[{"href":"https:\/\/innocentiemangonipiante.it\/fr\/wp-json\/wp\/v2\/types\/product"}],"wp:featuredmedia":[{"embeddable":true,"href":"https:\/\/innocentiemangonipiante.it\/fr\/wp-json\/wp\/v2\/media\/59121"}],"wp:attachment":[{"href":"https:\/\/innocentiemangonipiante.it\/fr\/wp-json\/wp\/v2\/media?parent=27471"}],"wp:term":[{"taxonomy":"product_brand","embeddable":true,"href":"https:\/\/innocentiemangonipiante.it\/fr\/wp-json\/wp\/v2\/product_brand?post=27471"},{"taxonomy":"product_cat","embeddable":true,"href":"https:\/\/innocentiemangonipiante.it\/fr\/wp-json\/wp\/v2\/product_cat?post=27471"},{"taxonomy":"product_tag","embeddable":true,"href":"https:\/\/innocentiemangonipiante.it\/fr\/wp-json\/wp\/v2\/product_tag?post=27471"}],"curies":[{"name":"wp","href":"https:\/\/api.w.org\/{rel}","templated":true}]}}