{"id":27475,"date":"2023-11-04T02:40:51","date_gmt":"2023-11-04T01:40:51","guid":{"rendered":"http:\/\/innocentiemangonipiante.it\/prunus-persica-garden-beauty\/"},"modified":"2023-11-06T15:44:40","modified_gmt":"2023-11-06T14:44:40","slug":"prunus-persica-garden-beauty","status":"publish","type":"product","link":"https:\/\/innocentiemangonipiante.it\/fr\/prunus-persica-garden-beauty\/","title":{"rendered":"PRUNUS PERSICA &lsquo;Garden beauty&rsquo;"},"content":{"rendered":"<p>Arbre nain \u00e0 feuilles caduques, dress\u00e9 \u00e0 \u00e9tal\u00e9, aux feuilles \u00e9troitement elliptiques, finement dent\u00e9es, vert moyen-fonc\u00e9 et aux fleurs doubles rose fonc\u00e9 au printemps suivies de fruits \u00e0 chair jaune, pr\u00eats \u00e0 \u00eatre r\u00e9colt\u00e9s \u00e0 la fin de l&rsquo;\u00e9t\u00e9.<\/p>\n","protected":false},"excerpt":{"rendered":"<p>Arbre nain \u00e0 feuilles caduques, dress\u00e9 \u00e0 \u00e9tal\u00e9, aux feuilles \u00e9troitement elliptiques, finement dent\u00e9es, vert moyen-fonc\u00e9 et aux fleurs doubles rose fonc\u00e9 au printemps suivies de fruits \u00e0 chair jaune, pr\u00eats \u00e0 \u00eatre r\u00e9colt\u00e9s \u00e0 la fin de l&rsquo;\u00e9t\u00e9.<\/p>\n","protected":false},"featured_media":59126,"template":"","meta":{"_acf_changed":false},"product_brand":[],"product_cat":[8808],"product_tag":[10897],"class_list":{"0":"post-27475","1":"product","2":"type-product","3":"status-publish","4":"has-post-thumbnail","6":"product_cat-fruitiers","7":"product_tag-naturelle","8":"pa_altezza-massima-100-fr","9":"pa_altezza-massima-150-fr","10":"pa_colore-fioritura-rose","11":"pa_famiglia-rosaceae-fr","12":"pa_genere-prunus-persica-fr","13":"pa_origine-origine-delle-piante-u-s-a","14":"pa_periodo-fioritura-mars","15":"pa_periodo-fruttificazione-aout","16":"pa_periodo-fruttificazione-septembre","17":"pa_portamento-arrondi","18":"pa_profumo-delicat","19":"pa_resistenza-climatica-moyenne-elevee","20":"pa_utilizzo-petits-jardins","22":"first","23":"instock","24":"purchasable","25":"product-type-simple"},"acf":[],"_links":{"self":[{"href":"https:\/\/innocentiemangonipiante.it\/fr\/wp-json\/wp\/v2\/product\/27475","targetHints":{"allow":["GET"]}}],"collection":[{"href":"https:\/\/innocentiemangonipiante.it\/fr\/wp-json\/wp\/v2\/product"}],"about":[{"href":"https:\/\/innocentiemangonipiante.it\/fr\/wp-json\/wp\/v2\/types\/product"}],"wp:featuredmedia":[{"embeddable":true,"href":"https:\/\/innocentiemangonipiante.it\/fr\/wp-json\/wp\/v2\/media\/59126"}],"wp:attachment":[{"href":"https:\/\/innocentiemangonipiante.it\/fr\/wp-json\/wp\/v2\/media?parent=27475"}],"wp:term":[{"taxonomy":"product_brand","embeddable":true,"href":"https:\/\/innocentiemangonipiante.it\/fr\/wp-json\/wp\/v2\/product_brand?post=27475"},{"taxonomy":"product_cat","embeddable":true,"href":"https:\/\/innocentiemangonipiante.it\/fr\/wp-json\/wp\/v2\/product_cat?post=27475"},{"taxonomy":"product_tag","embeddable":true,"href":"https:\/\/innocentiemangonipiante.it\/fr\/wp-json\/wp\/v2\/product_tag?post=27475"}],"curies":[{"name":"wp","href":"https:\/\/api.w.org\/{rel}","templated":true}]}}