{"id":27483,"date":"2023-11-04T02:41:49","date_gmt":"2023-11-04T01:41:49","guid":{"rendered":"http:\/\/innocentiemangonipiante.it\/prunus-persica-platycarpa\/"},"modified":"2023-11-06T15:45:02","modified_gmt":"2023-11-06T14:45:02","slug":"prunus-persica-platycarpa","status":"publish","type":"product","link":"https:\/\/innocentiemangonipiante.it\/fr\/prunus-persica-platycarpa\/","title":{"rendered":"PRUNUS PERSICA &lsquo;Platycarpa&rsquo;"},"content":{"rendered":"<p>Arbre aux fruits aplatis de taille moyenne\/petite, de couleur rouge, qui m\u00fbrissent \u00e0 la mi-juillet, \u00e0 pulpe blanche, molle et sucr\u00e9e.<\/p>\n","protected":false},"excerpt":{"rendered":"<p>Arbre aux fruits aplatis de taille moyenne\/petite, de couleur rouge, qui m\u00fbrissent \u00e0 la mi-juillet, \u00e0 pulpe blanche, molle et sucr\u00e9e.<\/p>\n","protected":false},"featured_media":0,"template":"","meta":{"_acf_changed":false},"product_brand":[],"product_cat":[8808],"product_tag":[10897,6255,8735],"class_list":{"0":"post-27483","1":"product","2":"type-product","3":"status-publish","5":"product_cat-fruitiers","6":"product_tag-naturelle","7":"product_tag-demi-tige","8":"product_tag-quart-de-tige","9":"pa_altezza-massima-300-fr-2","10":"pa_altezza-massima-600-fr","11":"pa_colore-fioritura-rose","12":"pa_condizionamento-clt-fr","13":"pa_famiglia-rosaceae-fr","14":"pa_genere-prunus-persica-fr","15":"pa_origine-chine","16":"pa_periodo-fioritura-mars","17":"pa_periodo-fruttificazione-juillet","18":"pa_portamento-arrondi","19":"pa_profumo-delicat","20":"pa_resistenza-climatica-moyenne-elevee","21":"pa_utilizzo-petits-jardins","23":"first","24":"instock","25":"purchasable","26":"product-type-simple"},"acf":[],"_links":{"self":[{"href":"https:\/\/innocentiemangonipiante.it\/fr\/wp-json\/wp\/v2\/product\/27483","targetHints":{"allow":["GET"]}}],"collection":[{"href":"https:\/\/innocentiemangonipiante.it\/fr\/wp-json\/wp\/v2\/product"}],"about":[{"href":"https:\/\/innocentiemangonipiante.it\/fr\/wp-json\/wp\/v2\/types\/product"}],"wp:attachment":[{"href":"https:\/\/innocentiemangonipiante.it\/fr\/wp-json\/wp\/v2\/media?parent=27483"}],"wp:term":[{"taxonomy":"product_brand","embeddable":true,"href":"https:\/\/innocentiemangonipiante.it\/fr\/wp-json\/wp\/v2\/product_brand?post=27483"},{"taxonomy":"product_cat","embeddable":true,"href":"https:\/\/innocentiemangonipiante.it\/fr\/wp-json\/wp\/v2\/product_cat?post=27483"},{"taxonomy":"product_tag","embeddable":true,"href":"https:\/\/innocentiemangonipiante.it\/fr\/wp-json\/wp\/v2\/product_tag?post=27483"}],"curies":[{"name":"wp","href":"https:\/\/api.w.org\/{rel}","templated":true}]}}