{"id":27504,"date":"2023-11-04T02:43:51","date_gmt":"2023-11-04T01:43:51","guid":{"rendered":"http:\/\/innocentiemangonipiante.it\/prunus-sativa-reine-claude-doullins\/"},"modified":"2023-11-06T15:45:45","modified_gmt":"2023-11-06T14:45:45","slug":"prunus-sativa-reine-claude-doullins","status":"publish","type":"product","link":"https:\/\/innocentiemangonipiante.it\/fr\/prunus-sativa-reine-claude-doullins\/","title":{"rendered":"PRUNUS SATIVA &lsquo;Reine Claude d&rsquo;Oullins&rsquo;"},"content":{"rendered":"<p>Autofertile. Son fruit, jaune \u00e0 maturit\u00e9, est rond et de bonne taille, la pulpe, jaune verd\u00e2tre est assez juteuse et sucr\u00e9e. Maturation: d\u00e9but ao\u00fbt.<\/p>\n","protected":false},"excerpt":{"rendered":"<p>Autofertile. Son fruit, jaune \u00e0 maturit\u00e9, est rond et de bonne taille, la pulpe, jaune verd\u00e2tre est assez juteuse et sucr\u00e9e. Maturation: d\u00e9but ao\u00fbt.<\/p>\n","protected":false},"featured_media":24300,"template":"","meta":{"_acf_changed":false},"product_brand":[],"product_cat":[8808],"product_tag":[10897,6255,8750,8735],"class_list":{"0":"post-27504","1":"product","2":"type-product","3":"status-publish","4":"has-post-thumbnail","6":"product_cat-fruitiers","7":"product_tag-naturelle","8":"product_tag-demi-tige","9":"product_tag-espalier-fr","10":"product_tag-quart-de-tige","11":"pa_altezza-massima-800-fr","12":"pa_altezza-massima-1000-fr-2","13":"pa_arte-topiaria-disponible-plante-en-forme","14":"pa_colore-fioritura-blanc","15":"pa_condizionamento-clt-fr","16":"pa_famiglia-rosaceae-fr","17":"pa_genere-prunus-sativa-fr","18":"pa_origine-france-fr","19":"pa_periodo-fioritura-avril","20":"pa_periodo-fioritura-mars","21":"pa_periodo-fruttificazione-aout","22":"pa_portamento-arrondi","23":"pa_resistenza-climatica-tres-elevee","24":"pa_resistenza-del-suolo-resistant-aux-sols-calcaires","25":"pa_utilizzo-petits-jardins","27":"first","28":"instock","29":"purchasable","30":"product-type-simple"},"acf":[],"_links":{"self":[{"href":"https:\/\/innocentiemangonipiante.it\/fr\/wp-json\/wp\/v2\/product\/27504","targetHints":{"allow":["GET"]}}],"collection":[{"href":"https:\/\/innocentiemangonipiante.it\/fr\/wp-json\/wp\/v2\/product"}],"about":[{"href":"https:\/\/innocentiemangonipiante.it\/fr\/wp-json\/wp\/v2\/types\/product"}],"wp:featuredmedia":[{"embeddable":true,"href":"https:\/\/innocentiemangonipiante.it\/fr\/wp-json\/wp\/v2\/media\/24300"}],"wp:attachment":[{"href":"https:\/\/innocentiemangonipiante.it\/fr\/wp-json\/wp\/v2\/media?parent=27504"}],"wp:term":[{"taxonomy":"product_brand","embeddable":true,"href":"https:\/\/innocentiemangonipiante.it\/fr\/wp-json\/wp\/v2\/product_brand?post=27504"},{"taxonomy":"product_cat","embeddable":true,"href":"https:\/\/innocentiemangonipiante.it\/fr\/wp-json\/wp\/v2\/product_cat?post=27504"},{"taxonomy":"product_tag","embeddable":true,"href":"https:\/\/innocentiemangonipiante.it\/fr\/wp-json\/wp\/v2\/product_tag?post=27504"}],"curies":[{"name":"wp","href":"https:\/\/api.w.org\/{rel}","templated":true}]}}