{"id":27506,"date":"2023-11-04T02:44:07","date_gmt":"2023-11-04T01:44:07","guid":{"rendered":"http:\/\/innocentiemangonipiante.it\/prunus-sativa-reine-claude-violette\/"},"modified":"2023-11-06T15:46:28","modified_gmt":"2023-11-06T14:46:28","slug":"prunus-sativa-reine-claude-violette","status":"publish","type":"product","link":"https:\/\/innocentiemangonipiante.it\/fr\/prunus-sativa-reine-claude-violette\/","title":{"rendered":"PRUNUS SATIVA &lsquo;Reine Claude Violette&rsquo;"},"content":{"rendered":"<p>Arbre vigoureux. Fruit moyen, violet fonc\u00e9 avec pulpe juteuse, douce, tr\u00e8s go\u00fbteuse. M\u00fbrissement d\u00e9but septembre.<\/p>\n","protected":false},"excerpt":{"rendered":"<p>Arbre vigoureux. Fruit moyen, violet fonc\u00e9 avec pulpe juteuse, douce, tr\u00e8s go\u00fbteuse. M\u00fbrissement d\u00e9but septembre.<\/p>\n","protected":false},"featured_media":59256,"template":"","meta":{"_acf_changed":false},"product_brand":[],"product_cat":[8808],"product_tag":[10897,6255,8735],"class_list":{"0":"post-27506","1":"product","2":"type-product","3":"status-publish","4":"has-post-thumbnail","6":"product_cat-fruitiers","7":"product_tag-naturelle","8":"product_tag-demi-tige","9":"product_tag-quart-de-tige","10":"pa_altezza-massima-800-fr","11":"pa_altezza-massima-1000-fr-2","12":"pa_arte-topiaria-disponible-plante-en-forme","13":"pa_colore-fioritura-blanc","14":"pa_condizionamento-clt-fr","15":"pa_famiglia-rosaceae-fr","16":"pa_genere-prunus-sativa-fr","17":"pa_origine-france-fr","18":"pa_periodo-fioritura-avril","19":"pa_periodo-fioritura-mars","20":"pa_periodo-fruttificazione-septembre","21":"pa_portamento-arrondi","22":"pa_resistenza-climatica-tres-elevee","23":"pa_resistenza-del-suolo-resistant-aux-sols-calcaires","24":"pa_utilizzo-petits-jardins","26":"first","27":"instock","28":"purchasable","29":"product-type-simple"},"acf":[],"_links":{"self":[{"href":"https:\/\/innocentiemangonipiante.it\/fr\/wp-json\/wp\/v2\/product\/27506","targetHints":{"allow":["GET"]}}],"collection":[{"href":"https:\/\/innocentiemangonipiante.it\/fr\/wp-json\/wp\/v2\/product"}],"about":[{"href":"https:\/\/innocentiemangonipiante.it\/fr\/wp-json\/wp\/v2\/types\/product"}],"wp:featuredmedia":[{"embeddable":true,"href":"https:\/\/innocentiemangonipiante.it\/fr\/wp-json\/wp\/v2\/media\/59256"}],"wp:attachment":[{"href":"https:\/\/innocentiemangonipiante.it\/fr\/wp-json\/wp\/v2\/media?parent=27506"}],"wp:term":[{"taxonomy":"product_brand","embeddable":true,"href":"https:\/\/innocentiemangonipiante.it\/fr\/wp-json\/wp\/v2\/product_brand?post=27506"},{"taxonomy":"product_cat","embeddable":true,"href":"https:\/\/innocentiemangonipiante.it\/fr\/wp-json\/wp\/v2\/product_cat?post=27506"},{"taxonomy":"product_tag","embeddable":true,"href":"https:\/\/innocentiemangonipiante.it\/fr\/wp-json\/wp\/v2\/product_tag?post=27506"}],"curies":[{"name":"wp","href":"https:\/\/api.w.org\/{rel}","templated":true}]}}