{"id":27510,"date":"2023-11-04T02:44:44","date_gmt":"2023-11-04T01:44:44","guid":{"rendered":"http:\/\/innocentiemangonipiante.it\/prunus-sativa-stanley\/"},"modified":"2023-11-06T15:46:40","modified_gmt":"2023-11-06T14:46:40","slug":"prunus-sativa-stanley","status":"publish","type":"product","link":"https:\/\/innocentiemangonipiante.it\/fr\/prunus-sativa-stanley\/","title":{"rendered":"PRUNUS SATIVA &lsquo;Stanley&rsquo;"},"content":{"rendered":"<p>Fruit ovo\u00efdal, grand, peau violet-purpre et pulpe verd\u00e2tre, douce, go\u00fbteuse. M\u00fbrissement d\u00e9but septembre.<\/p>\n","protected":false},"excerpt":{"rendered":"<p>Fruit ovo\u00efdal, grand, peau violet-purpre et pulpe verd\u00e2tre, douce, go\u00fbteuse. M\u00fbrissement d\u00e9but septembre.<\/p>\n","protected":false},"featured_media":59287,"template":"","meta":{"_acf_changed":false},"product_brand":[],"product_cat":[8808],"product_tag":[10897,6255,8750,8735,8400],"class_list":{"0":"post-27510","1":"product","2":"type-product","3":"status-publish","4":"has-post-thumbnail","6":"product_cat-fruitiers","7":"product_tag-naturelle","8":"product_tag-demi-tige","9":"product_tag-espalier-fr","10":"product_tag-quart-de-tige","11":"product_tag-tige","12":"pa_altezza-massima-800-fr","13":"pa_altezza-massima-1000-fr-2","14":"pa_arte-topiaria-disponible-plante-en-forme","15":"pa_colore-fioritura-blanc","16":"pa_condizionamento-clt-fr","17":"pa_famiglia-rosaceae-fr","18":"pa_genere-prunus-sativa-fr","19":"pa_origine-origine-delle-piante-u-s-a","20":"pa_periodo-fioritura-avril","21":"pa_periodo-fioritura-mai","22":"pa_periodo-fruttificazione-septembre","23":"pa_portamento-arrondi","24":"pa_resistenza-climatica-tres-elevee","25":"pa_resistenza-del-suolo-resistant-aux-sols-calcaires","26":"pa_utilizzo-petits-jardins","28":"first","29":"instock","30":"purchasable","31":"product-type-simple"},"acf":[],"_links":{"self":[{"href":"https:\/\/innocentiemangonipiante.it\/fr\/wp-json\/wp\/v2\/product\/27510","targetHints":{"allow":["GET"]}}],"collection":[{"href":"https:\/\/innocentiemangonipiante.it\/fr\/wp-json\/wp\/v2\/product"}],"about":[{"href":"https:\/\/innocentiemangonipiante.it\/fr\/wp-json\/wp\/v2\/types\/product"}],"wp:featuredmedia":[{"embeddable":true,"href":"https:\/\/innocentiemangonipiante.it\/fr\/wp-json\/wp\/v2\/media\/59287"}],"wp:attachment":[{"href":"https:\/\/innocentiemangonipiante.it\/fr\/wp-json\/wp\/v2\/media?parent=27510"}],"wp:term":[{"taxonomy":"product_brand","embeddable":true,"href":"https:\/\/innocentiemangonipiante.it\/fr\/wp-json\/wp\/v2\/product_brand?post=27510"},{"taxonomy":"product_cat","embeddable":true,"href":"https:\/\/innocentiemangonipiante.it\/fr\/wp-json\/wp\/v2\/product_cat?post=27510"},{"taxonomy":"product_tag","embeddable":true,"href":"https:\/\/innocentiemangonipiante.it\/fr\/wp-json\/wp\/v2\/product_tag?post=27510"}],"curies":[{"name":"wp","href":"https:\/\/api.w.org\/{rel}","templated":true}]}}