{"id":27537,"date":"2023-11-04T02:49:47","date_gmt":"2023-11-04T01:49:47","guid":{"rendered":"http:\/\/innocentiemangonipiante.it\/quercus-acutissima\/"},"modified":"2023-11-06T15:48:46","modified_gmt":"2023-11-06T14:48:46","slug":"quercus-acutissima","status":"publish","type":"product","link":"https:\/\/innocentiemangonipiante.it\/fr\/quercus-acutissima\/","title":{"rendered":"QUERCUS acutissima"},"content":{"rendered":"<p>Le ch\u00eane du Japon. Arbre caduc de taille moyenne-grande, avec port \u00e9largi, \u00e9corce grise fonc\u00e9e profond\u00e9ment entaill\u00e9e. Feuille lanc\u00e9ol\u00e9e de couleur verte moyenne avec dentures r\u00e9guli\u00e8res et qui atteint jusqu&rsquo;\u00e0 20cm de longueur.<\/p>\n","protected":false},"excerpt":{"rendered":"<p>Le ch\u00eane du Japon. Arbre caduc de taille moyenne-grande, avec port \u00e9largi, \u00e9corce grise fonc\u00e9e profond\u00e9ment entaill\u00e9e. Feuille lanc\u00e9ol\u00e9e de couleur verte moyenne avec dentures r\u00e9guli\u00e8res et qui atteint jusqu&rsquo;\u00e0 20cm de longueur.<\/p>\n","protected":false},"featured_media":24393,"template":"","meta":{"_acf_changed":false},"product_brand":[],"product_cat":[8812],"product_tag":[10897],"class_list":{"0":"post-27537","1":"product","2":"type-product","3":"status-publish","4":"has-post-thumbnail","6":"product_cat-arbres-et-arbustes-a-feuilles-caduques","7":"product_tag-naturelle","8":"pa_altezza-massima-20-metres","9":"pa_altezza-massima-30-metres","10":"pa_colore-fioritura-jaune","11":"pa_famiglia-fagaceae-fr","12":"pa_genere-quercus-fr","13":"pa_origine-asie","14":"pa_periodo-fioritura-mai","15":"pa_portamento-arrondi","16":"pa_resistenza-climatica-tres-elevee","17":"pa_resistenza-del-suolo-resistant-aux-sols-calcaires","18":"pa_resistenza-del-suolo-resistant-aux-sols-secs","19":"pa_utilizzo-parcs","21":"first","22":"instock","23":"purchasable","24":"product-type-simple"},"acf":[],"_links":{"self":[{"href":"https:\/\/innocentiemangonipiante.it\/fr\/wp-json\/wp\/v2\/product\/27537","targetHints":{"allow":["GET"]}}],"collection":[{"href":"https:\/\/innocentiemangonipiante.it\/fr\/wp-json\/wp\/v2\/product"}],"about":[{"href":"https:\/\/innocentiemangonipiante.it\/fr\/wp-json\/wp\/v2\/types\/product"}],"wp:featuredmedia":[{"embeddable":true,"href":"https:\/\/innocentiemangonipiante.it\/fr\/wp-json\/wp\/v2\/media\/24393"}],"wp:attachment":[{"href":"https:\/\/innocentiemangonipiante.it\/fr\/wp-json\/wp\/v2\/media?parent=27537"}],"wp:term":[{"taxonomy":"product_brand","embeddable":true,"href":"https:\/\/innocentiemangonipiante.it\/fr\/wp-json\/wp\/v2\/product_brand?post=27537"},{"taxonomy":"product_cat","embeddable":true,"href":"https:\/\/innocentiemangonipiante.it\/fr\/wp-json\/wp\/v2\/product_cat?post=27537"},{"taxonomy":"product_tag","embeddable":true,"href":"https:\/\/innocentiemangonipiante.it\/fr\/wp-json\/wp\/v2\/product_tag?post=27537"}],"curies":[{"name":"wp","href":"https:\/\/api.w.org\/{rel}","templated":true}]}}