{"id":27538,"date":"2023-11-04T02:49:54","date_gmt":"2023-11-04T01:49:54","guid":{"rendered":"http:\/\/innocentiemangonipiante.it\/quercus-alba-2\/"},"modified":"2023-11-06T15:49:25","modified_gmt":"2023-11-06T14:49:25","slug":"quercus-alba","status":"publish","type":"product","link":"https:\/\/innocentiemangonipiante.it\/fr\/quercus-alba\/","title":{"rendered":"QUERCUS alba"},"content":{"rendered":"<p>Arbre caduc \u00e0 grand d\u00e9veloppement, port \u00e9largi et arrondi, plus \u00e9rig\u00e9 dans la plante jeune. \u00c9corce de blanche \u00e0 grise claire exfoli\u00e9e. Feuille jusqu\u2019\u00e0 15 cm longue, avec 5-9 lobes arrondis, d&rsquo;abord de couleur grisvert apr\u00e8s bleu-vert opaque, elle vire au rouge pourpre en automne.<\/p>\n","protected":false},"excerpt":{"rendered":"<p>Arbre caduc \u00e0 grand d\u00e9veloppement, port \u00e9largi et arrondi, plus \u00e9rig\u00e9 dans la plante jeune. \u00c9corce de blanche \u00e0 grise claire exfoli\u00e9e. Feuille jusqu\u2019\u00e0 15 cm longue, avec 5-9 lobes arrondis, d&rsquo;abord de couleur grisvert apr\u00e8s bleu-vert opaque, elle vire au rouge pourpre en automne.<\/p>\n","protected":false},"featured_media":24399,"template":"","meta":{"_acf_changed":false},"product_brand":[],"product_cat":[8812],"product_tag":[10897,8400],"class_list":{"0":"post-27538","1":"product","2":"type-product","3":"status-publish","4":"has-post-thumbnail","6":"product_cat-arbres-et-arbustes-a-feuilles-caduques","7":"product_tag-naturelle","8":"product_tag-tige","9":"pa_altezza-massima-20-metres","10":"pa_altezza-massima-30-metres","11":"pa_colore-fioritura-jaune","12":"pa_condizionamento-motte","13":"pa_famiglia-fagaceae-fr","14":"pa_genere-quercus-fr","15":"pa_origine-origine-delle-piante-u-s-a","16":"pa_periodo-fioritura-mai","17":"pa_portamento-arrondi","18":"pa_resistenza-climatica-tres-elevee","19":"pa_resistenza-del-suolo-resistant-aux-sols-calcaires","20":"pa_resistenza-del-suolo-resistant-aux-sols-secs","21":"pa_utilizzo-parcs","23":"first","24":"instock","25":"purchasable","26":"product-type-simple"},"acf":[],"_links":{"self":[{"href":"https:\/\/innocentiemangonipiante.it\/fr\/wp-json\/wp\/v2\/product\/27538","targetHints":{"allow":["GET"]}}],"collection":[{"href":"https:\/\/innocentiemangonipiante.it\/fr\/wp-json\/wp\/v2\/product"}],"about":[{"href":"https:\/\/innocentiemangonipiante.it\/fr\/wp-json\/wp\/v2\/types\/product"}],"wp:featuredmedia":[{"embeddable":true,"href":"https:\/\/innocentiemangonipiante.it\/fr\/wp-json\/wp\/v2\/media\/24399"}],"wp:attachment":[{"href":"https:\/\/innocentiemangonipiante.it\/fr\/wp-json\/wp\/v2\/media?parent=27538"}],"wp:term":[{"taxonomy":"product_brand","embeddable":true,"href":"https:\/\/innocentiemangonipiante.it\/fr\/wp-json\/wp\/v2\/product_brand?post=27538"},{"taxonomy":"product_cat","embeddable":true,"href":"https:\/\/innocentiemangonipiante.it\/fr\/wp-json\/wp\/v2\/product_cat?post=27538"},{"taxonomy":"product_tag","embeddable":true,"href":"https:\/\/innocentiemangonipiante.it\/fr\/wp-json\/wp\/v2\/product_tag?post=27538"}],"curies":[{"name":"wp","href":"https:\/\/api.w.org\/{rel}","templated":true}]}}