{"id":27545,"date":"2023-11-04T02:51:56","date_gmt":"2023-11-04T01:51:56","guid":{"rendered":"http:\/\/innocentiemangonipiante.it\/quercus-macrocarpa\/"},"modified":"2023-11-06T15:50:51","modified_gmt":"2023-11-06T14:50:51","slug":"quercus-macrocarpa","status":"publish","type":"product","link":"https:\/\/innocentiemangonipiante.it\/fr\/quercus-macrocarpa\/","title":{"rendered":"QUERCUS macrocarpa"},"content":{"rendered":"<p>Arbre de grand d\u00e9veloppement \u00e0 l\u2019\u00e9corce tr\u00e8s d\u00e9corative. Montre une grande tol\u00e9rance \u00e0 la pollution. C&rsquo;est l&rsquo;un des ch\u00eanes \u00e0 la long\u00e9vit\u00e9 remarquable. On rencontre en Am\u00e9rique du Nord des exemplaires de plus de 300 ans d&rsquo;\u00e2ge.<\/p>\n","protected":false},"excerpt":{"rendered":"<p>Arbre de grand d\u00e9veloppement \u00e0 l\u2019\u00e9corce tr\u00e8s d\u00e9corative. Montre une grande tol\u00e9rance \u00e0 la pollution. C&rsquo;est l&rsquo;un des ch\u00eanes \u00e0 la long\u00e9vit\u00e9 remarquable. On rencontre en Am\u00e9rique du Nord des exemplaires de plus de 300 ans d&rsquo;\u00e2ge.<\/p>\n","protected":false},"featured_media":24451,"template":"","meta":{"_acf_changed":false},"product_brand":[],"product_cat":[8812],"product_tag":[10897],"class_list":{"0":"post-27545","1":"product","2":"type-product","3":"status-publish","4":"has-post-thumbnail","6":"product_cat-arbres-et-arbustes-a-feuilles-caduques","7":"product_tag-naturelle","8":"pa_altezza-massima-20-metres","9":"pa_altezza-massima-30-metres","10":"pa_colore-fioritura-jaune","11":"pa_famiglia-fagaceae-fr","12":"pa_genere-quercus-fr","13":"pa_origine-origine-delle-piante-u-s-a","14":"pa_periodo-fioritura-avril","15":"pa_periodo-fioritura-mai","16":"pa_portamento-arrondi","17":"pa_resistenza-climatica-tres-elevee","18":"pa_resistenza-del-suolo-resistant-aux-sols-calcaires","19":"pa_resistenza-del-suolo-resistant-aux-sols-secs","20":"pa_utilizzo-parcs","22":"first","23":"instock","24":"purchasable","25":"product-type-simple"},"acf":[],"_links":{"self":[{"href":"https:\/\/innocentiemangonipiante.it\/fr\/wp-json\/wp\/v2\/product\/27545","targetHints":{"allow":["GET"]}}],"collection":[{"href":"https:\/\/innocentiemangonipiante.it\/fr\/wp-json\/wp\/v2\/product"}],"about":[{"href":"https:\/\/innocentiemangonipiante.it\/fr\/wp-json\/wp\/v2\/types\/product"}],"wp:featuredmedia":[{"embeddable":true,"href":"https:\/\/innocentiemangonipiante.it\/fr\/wp-json\/wp\/v2\/media\/24451"}],"wp:attachment":[{"href":"https:\/\/innocentiemangonipiante.it\/fr\/wp-json\/wp\/v2\/media?parent=27545"}],"wp:term":[{"taxonomy":"product_brand","embeddable":true,"href":"https:\/\/innocentiemangonipiante.it\/fr\/wp-json\/wp\/v2\/product_brand?post=27545"},{"taxonomy":"product_cat","embeddable":true,"href":"https:\/\/innocentiemangonipiante.it\/fr\/wp-json\/wp\/v2\/product_cat?post=27545"},{"taxonomy":"product_tag","embeddable":true,"href":"https:\/\/innocentiemangonipiante.it\/fr\/wp-json\/wp\/v2\/product_tag?post=27545"}],"curies":[{"name":"wp","href":"https:\/\/api.w.org\/{rel}","templated":true}]}}