{"id":27546,"date":"2023-11-04T02:52:11","date_gmt":"2023-11-04T01:52:11","guid":{"rendered":"http:\/\/innocentiemangonipiante.it\/quercus-myrsinifolia\/"},"modified":"2023-11-06T15:50:57","modified_gmt":"2023-11-06T14:50:57","slug":"quercus-myrsinifolia","status":"publish","type":"product","link":"https:\/\/innocentiemangonipiante.it\/fr\/quercus-myrsinifolia\/","title":{"rendered":"QUERCUS myrsinifolia"},"content":{"rendered":"<p>Arbre ou arbuste persistant, avec port arrondi et \u00e9corce lisse gris fonc\u00e9. Feuilles lanc\u00e9ol\u00e9es, l\u00e9g\u00e8rement dentel\u00e9es et luisantes jusq&rsquo;\u00e0 12 cm de longueur. La nouvelle pousse est rouge bronz\u00e9e.<\/p>\n","protected":false},"excerpt":{"rendered":"<p>Arbre ou arbuste persistant, avec port arrondi et \u00e9corce lisse gris fonc\u00e9. Feuilles lanc\u00e9ol\u00e9es, l\u00e9g\u00e8rement dentel\u00e9es et luisantes jusq&rsquo;\u00e0 12 cm de longueur. La nouvelle pousse est rouge bronz\u00e9e.<\/p>\n","protected":false},"featured_media":24457,"template":"","meta":{"_acf_changed":false},"product_brand":[],"product_cat":[8812],"product_tag":[10897],"class_list":{"0":"post-27546","1":"product","2":"type-product","3":"status-publish","4":"has-post-thumbnail","6":"product_cat-arbres-et-arbustes-a-feuilles-caduques","7":"product_tag-naturelle","8":"pa_altezza-massima-25-metres","9":"pa_altezza-massima-35-metres","10":"pa_famiglia-fagaceae-fr","11":"pa_genere-quercus-fr","12":"pa_origine-asie","13":"pa_portamento-arrondi","14":"pa_resistenza-climatica-moyenne-elevee","15":"pa_resistenza-del-suolo-resistant-au-sol-humide","16":"pa_resistenza-del-suolo-resistant-aux-sols-calcaires","17":"pa_utilizzo-parcs","19":"first","20":"instock","21":"purchasable","22":"product-type-simple"},"acf":[],"_links":{"self":[{"href":"https:\/\/innocentiemangonipiante.it\/fr\/wp-json\/wp\/v2\/product\/27546","targetHints":{"allow":["GET"]}}],"collection":[{"href":"https:\/\/innocentiemangonipiante.it\/fr\/wp-json\/wp\/v2\/product"}],"about":[{"href":"https:\/\/innocentiemangonipiante.it\/fr\/wp-json\/wp\/v2\/types\/product"}],"wp:featuredmedia":[{"embeddable":true,"href":"https:\/\/innocentiemangonipiante.it\/fr\/wp-json\/wp\/v2\/media\/24457"}],"wp:attachment":[{"href":"https:\/\/innocentiemangonipiante.it\/fr\/wp-json\/wp\/v2\/media?parent=27546"}],"wp:term":[{"taxonomy":"product_brand","embeddable":true,"href":"https:\/\/innocentiemangonipiante.it\/fr\/wp-json\/wp\/v2\/product_brand?post=27546"},{"taxonomy":"product_cat","embeddable":true,"href":"https:\/\/innocentiemangonipiante.it\/fr\/wp-json\/wp\/v2\/product_cat?post=27546"},{"taxonomy":"product_tag","embeddable":true,"href":"https:\/\/innocentiemangonipiante.it\/fr\/wp-json\/wp\/v2\/product_tag?post=27546"}],"curies":[{"name":"wp","href":"https:\/\/api.w.org\/{rel}","templated":true}]}}