{"id":27548,"date":"2023-11-04T02:52:52","date_gmt":"2023-11-04T01:52:52","guid":{"rendered":"http:\/\/innocentiemangonipiante.it\/quercus-phellos\/"},"modified":"2023-11-06T15:51:15","modified_gmt":"2023-11-06T14:51:15","slug":"quercus-phellos","status":"publish","type":"product","link":"https:\/\/innocentiemangonipiante.it\/fr\/quercus-phellos\/","title":{"rendered":"QUERCUS phellos"},"content":{"rendered":"<p>Arbre \u00e0 moyenne d\u00e9veloppement. Le port est d&rsquo;abord conique, apr\u00e8s \u00e9largi presque arrondi \u00e0 maturit\u00e9. Feuille lin\u00e9aire similaire \u00e0 celle d&rsquo;un Salix, jusqu&rsquo;\u00e0 12cm longue de couleur vert luisant. Il pr\u00e9f\u00e8re des terrains de plaines d&rsquo;origine alluviale et on le trouve souvent le long des voies d&rsquo;eau.<\/p>\n","protected":false},"excerpt":{"rendered":"<p>Arbre \u00e0 moyenne d\u00e9veloppement. Le port est d&rsquo;abord conique, apr\u00e8s \u00e9largi presque arrondi \u00e0 maturit\u00e9. Feuille lin\u00e9aire similaire \u00e0 celle d&rsquo;un Salix, jusqu&rsquo;\u00e0 12cm longue de couleur vert luisant. Il pr\u00e9f\u00e8re des terrains de plaines d&rsquo;origine alluviale et on le trouve souvent le long des voies d&rsquo;eau.<\/p>\n","protected":false},"featured_media":24469,"template":"","meta":{"_acf_changed":false},"product_brand":[],"product_cat":[8812],"product_tag":[10897,8400],"class_list":{"0":"post-27548","1":"product","2":"type-product","3":"status-publish","4":"has-post-thumbnail","6":"product_cat-arbres-et-arbustes-a-feuilles-caduques","7":"product_tag-naturelle","8":"product_tag-tige","9":"pa_altezza-massima-20-metres","10":"pa_altezza-massima-30-metres","11":"pa_condizionamento-clt-fr","12":"pa_condizionamento-motte","13":"pa_famiglia-fagaceae-fr","14":"pa_genere-quercus-fr","15":"pa_origine-origine-delle-piante-u-s-a","16":"pa_portamento-arrondi","17":"pa_resistenza-climatica-moyenne-elevee","18":"pa_resistenza-del-suolo-resistant-aux-sols-secs","19":"pa_utilizzo-parcs","21":"first","22":"instock","23":"purchasable","24":"product-type-simple"},"acf":[],"_links":{"self":[{"href":"https:\/\/innocentiemangonipiante.it\/fr\/wp-json\/wp\/v2\/product\/27548","targetHints":{"allow":["GET"]}}],"collection":[{"href":"https:\/\/innocentiemangonipiante.it\/fr\/wp-json\/wp\/v2\/product"}],"about":[{"href":"https:\/\/innocentiemangonipiante.it\/fr\/wp-json\/wp\/v2\/types\/product"}],"wp:featuredmedia":[{"embeddable":true,"href":"https:\/\/innocentiemangonipiante.it\/fr\/wp-json\/wp\/v2\/media\/24469"}],"wp:attachment":[{"href":"https:\/\/innocentiemangonipiante.it\/fr\/wp-json\/wp\/v2\/media?parent=27548"}],"wp:term":[{"taxonomy":"product_brand","embeddable":true,"href":"https:\/\/innocentiemangonipiante.it\/fr\/wp-json\/wp\/v2\/product_brand?post=27548"},{"taxonomy":"product_cat","embeddable":true,"href":"https:\/\/innocentiemangonipiante.it\/fr\/wp-json\/wp\/v2\/product_cat?post=27548"},{"taxonomy":"product_tag","embeddable":true,"href":"https:\/\/innocentiemangonipiante.it\/fr\/wp-json\/wp\/v2\/product_tag?post=27548"}],"curies":[{"name":"wp","href":"https:\/\/api.w.org\/{rel}","templated":true}]}}