{"id":27550,"date":"2023-11-04T02:53:29","date_gmt":"2023-11-04T01:53:29","guid":{"rendered":"http:\/\/innocentiemangonipiante.it\/quercus-robur-filicifolia\/"},"modified":"2023-11-06T15:51:37","modified_gmt":"2023-11-06T14:51:37","slug":"quercus-robur-filicifolia","status":"publish","type":"product","link":"https:\/\/innocentiemangonipiante.it\/fr\/quercus-robur-filicifolia\/","title":{"rendered":"QUERCUS robur &lsquo;Filicifolia&rsquo;"},"content":{"rendered":"<p>Arbre \u00e0 feuilles caduques de taille moyenne. Les feuilles finement coup\u00e9es sont plus courtes, plus \u00e9troites et d&rsquo;un vert plus intense que celles de Quercus &lsquo;Pinnatifida&rsquo;.<\/p>\n","protected":false},"excerpt":{"rendered":"<p>Arbre \u00e0 feuilles caduques de taille moyenne. Les feuilles finement coup\u00e9es sont plus courtes, plus \u00e9troites et d&rsquo;un vert plus intense que celles de Quercus &lsquo;Pinnatifida&rsquo;.<\/p>\n","protected":false},"featured_media":60380,"template":"","meta":{"_acf_changed":false},"product_brand":[],"product_cat":[8812],"product_tag":[10897],"class_list":{"0":"post-27550","1":"product","2":"type-product","3":"status-publish","4":"has-post-thumbnail","6":"product_cat-arbres-et-arbustes-a-feuilles-caduques","7":"product_tag-naturelle","8":"pa_altezza-massima-800-fr","9":"pa_altezza-massima-12-metres","10":"pa_famiglia-fagaceae-fr","11":"pa_genere-quercus-fr","12":"pa_origine-europe-centrale","13":"pa_portamento-arrondi","14":"pa_resistenza-climatica-tres-elevee","15":"pa_resistenza-del-suolo-resistant-au-sol-humide","16":"pa_resistenza-del-suolo-resistant-aux-sols-calcaires","17":"pa_resistenza-del-suolo-resistant-aux-sols-secs","18":"pa_salinita-resistance-a-la-salinisation","19":"pa_utilizzo-avenues-fr","20":"pa_utilizzo-parcs","22":"first","23":"instock","24":"purchasable","25":"product-type-simple"},"acf":[],"_links":{"self":[{"href":"https:\/\/innocentiemangonipiante.it\/fr\/wp-json\/wp\/v2\/product\/27550","targetHints":{"allow":["GET"]}}],"collection":[{"href":"https:\/\/innocentiemangonipiante.it\/fr\/wp-json\/wp\/v2\/product"}],"about":[{"href":"https:\/\/innocentiemangonipiante.it\/fr\/wp-json\/wp\/v2\/types\/product"}],"wp:featuredmedia":[{"embeddable":true,"href":"https:\/\/innocentiemangonipiante.it\/fr\/wp-json\/wp\/v2\/media\/60380"}],"wp:attachment":[{"href":"https:\/\/innocentiemangonipiante.it\/fr\/wp-json\/wp\/v2\/media?parent=27550"}],"wp:term":[{"taxonomy":"product_brand","embeddable":true,"href":"https:\/\/innocentiemangonipiante.it\/fr\/wp-json\/wp\/v2\/product_brand?post=27550"},{"taxonomy":"product_cat","embeddable":true,"href":"https:\/\/innocentiemangonipiante.it\/fr\/wp-json\/wp\/v2\/product_cat?post=27550"},{"taxonomy":"product_tag","embeddable":true,"href":"https:\/\/innocentiemangonipiante.it\/fr\/wp-json\/wp\/v2\/product_tag?post=27550"}],"curies":[{"name":"wp","href":"https:\/\/api.w.org\/{rel}","templated":true}]}}