{"id":27551,"date":"2023-11-04T02:54:20","date_gmt":"2023-11-04T01:54:20","guid":{"rendered":"http:\/\/innocentiemangonipiante.it\/quercus-texana\/"},"modified":"2023-11-06T15:52:03","modified_gmt":"2023-11-06T14:52:03","slug":"quercus-texana","status":"publish","type":"product","link":"https:\/\/innocentiemangonipiante.it\/fr\/quercus-texana\/","title":{"rendered":"QUERCUS texana"},"content":{"rendered":"<p>Ch\u00eane \u00e0 feuilles caduques qui tol\u00e8re les sols humides et lourdes. T\u00eate de forme diffuse et arrondie. Les feuilles vert fonc\u00e9 sont profond\u00e9ment divis\u00e9es en 6-11 lobes pointus et sont de couleur jaune \u00e0 l&rsquo;automne.<\/p>\n","protected":false},"excerpt":{"rendered":"<p>Ch\u00eane \u00e0 feuilles caduques qui tol\u00e8re les sols humides et lourdes. T\u00eate de forme diffuse et arrondie. Les feuilles vert fonc\u00e9 sont profond\u00e9ment divis\u00e9es en 6-11 lobes pointus et sont de couleur jaune \u00e0 l&rsquo;automne.<\/p>\n","protected":false},"featured_media":24487,"template":"","meta":{"_acf_changed":false},"product_brand":[],"product_cat":[8812],"product_tag":[10897],"class_list":{"0":"post-27551","1":"product","2":"type-product","3":"status-publish","4":"has-post-thumbnail","6":"product_cat-arbres-et-arbustes-a-feuilles-caduques","7":"product_tag-naturelle","8":"pa_altezza-massima-15-metres","9":"pa_altezza-massima-20-metres","10":"pa_famiglia-fagaceae-fr","11":"pa_genere-quercus-fr","12":"pa_origine-origine-delle-piante-u-s-a","13":"pa_portamento-arrondi","14":"pa_resistenza-climatica-tres-elevee","15":"pa_resistenza-del-suolo-resistant-au-sol-humide","16":"pa_resistenza-del-suolo-resistant-aux-sols-calcaires","17":"pa_resistenza-del-suolo-resistant-aux-sols-secs","18":"pa_utilizzo-parcs","20":"first","21":"instock","22":"purchasable","23":"product-type-simple"},"acf":[],"_links":{"self":[{"href":"https:\/\/innocentiemangonipiante.it\/fr\/wp-json\/wp\/v2\/product\/27551","targetHints":{"allow":["GET"]}}],"collection":[{"href":"https:\/\/innocentiemangonipiante.it\/fr\/wp-json\/wp\/v2\/product"}],"about":[{"href":"https:\/\/innocentiemangonipiante.it\/fr\/wp-json\/wp\/v2\/types\/product"}],"wp:featuredmedia":[{"embeddable":true,"href":"https:\/\/innocentiemangonipiante.it\/fr\/wp-json\/wp\/v2\/media\/24487"}],"wp:attachment":[{"href":"https:\/\/innocentiemangonipiante.it\/fr\/wp-json\/wp\/v2\/media?parent=27551"}],"wp:term":[{"taxonomy":"product_brand","embeddable":true,"href":"https:\/\/innocentiemangonipiante.it\/fr\/wp-json\/wp\/v2\/product_brand?post=27551"},{"taxonomy":"product_cat","embeddable":true,"href":"https:\/\/innocentiemangonipiante.it\/fr\/wp-json\/wp\/v2\/product_cat?post=27551"},{"taxonomy":"product_tag","embeddable":true,"href":"https:\/\/innocentiemangonipiante.it\/fr\/wp-json\/wp\/v2\/product_tag?post=27551"}],"curies":[{"name":"wp","href":"https:\/\/api.w.org\/{rel}","templated":true}]}}