{"id":27584,"date":"2023-11-04T03:02:15","date_gmt":"2023-11-04T02:02:15","guid":{"rendered":"http:\/\/innocentiemangonipiante.it\/sambucus-nigra-black-beauty\/"},"modified":"2023-11-06T15:57:17","modified_gmt":"2023-11-06T14:57:17","slug":"sambucus-nigra-black-beauty","status":"publish","type":"product","link":"https:\/\/innocentiemangonipiante.it\/fr\/sambucus-nigra-black-beauty\/","title":{"rendered":"SAMBUCUS nigra &lsquo;Black Beauty&rsquo;"},"content":{"rendered":"<p>Arbuste caduc avec feuilles pourpre fonc\u00e9. Floraison rose \u00e0 la fin du printemps et d\u00e9but d\u2019\u00e9t\u00e9.<\/p>\n","protected":false},"excerpt":{"rendered":"<p>Arbuste caduc avec feuilles pourpre fonc\u00e9. Floraison rose \u00e0 la fin du printemps et d\u00e9but d\u2019\u00e9t\u00e9.<\/p>\n","protected":false},"featured_media":61268,"template":"","meta":{"_acf_changed":false},"product_brand":[],"product_cat":[8812],"product_tag":[10897],"class_list":{"0":"post-27584","1":"product","2":"type-product","3":"status-publish","4":"has-post-thumbnail","6":"product_cat-arbres-et-arbustes-a-feuilles-caduques","7":"product_tag-naturelle","8":"pa_altezza-massima-300-fr-2","9":"pa_altezza-massima-400-fr","10":"pa_colore-delle-foglie-rouge","11":"pa_colore-fioritura-rose","12":"pa_famiglia-caprifoliaceae-fr","13":"pa_genere-sambucus-fr","14":"pa_inquinamento-resistance-a-la-pollution","15":"pa_origine-hollande","16":"pa_periodo-fioritura-juin","17":"pa_periodo-fioritura-mai","18":"pa_periodo-fruttificazione-aout","19":"pa_periodo-fruttificazione-septembre","20":"pa_portamento-arrondi","21":"pa_profumo-intense-fr","22":"pa_resistenza-climatica-tres-elevee","23":"pa_resistenza-del-suolo-resistant-au-sol-humide","24":"pa_resistenza-del-suolo-resistant-aux-sols-calcaires","25":"pa_salinita-resistance-a-la-salinisation","26":"pa_utilizzo-haies","27":"pa_utilizzo-petits-jardins","29":"first","30":"instock","31":"purchasable","32":"product-type-simple"},"acf":[],"_links":{"self":[{"href":"https:\/\/innocentiemangonipiante.it\/fr\/wp-json\/wp\/v2\/product\/27584","targetHints":{"allow":["GET"]}}],"collection":[{"href":"https:\/\/innocentiemangonipiante.it\/fr\/wp-json\/wp\/v2\/product"}],"about":[{"href":"https:\/\/innocentiemangonipiante.it\/fr\/wp-json\/wp\/v2\/types\/product"}],"wp:featuredmedia":[{"embeddable":true,"href":"https:\/\/innocentiemangonipiante.it\/fr\/wp-json\/wp\/v2\/media\/61268"}],"wp:attachment":[{"href":"https:\/\/innocentiemangonipiante.it\/fr\/wp-json\/wp\/v2\/media?parent=27584"}],"wp:term":[{"taxonomy":"product_brand","embeddable":true,"href":"https:\/\/innocentiemangonipiante.it\/fr\/wp-json\/wp\/v2\/product_brand?post=27584"},{"taxonomy":"product_cat","embeddable":true,"href":"https:\/\/innocentiemangonipiante.it\/fr\/wp-json\/wp\/v2\/product_cat?post=27584"},{"taxonomy":"product_tag","embeddable":true,"href":"https:\/\/innocentiemangonipiante.it\/fr\/wp-json\/wp\/v2\/product_tag?post=27584"}],"curies":[{"name":"wp","href":"https:\/\/api.w.org\/{rel}","templated":true}]}}