{"id":27588,"date":"2023-11-04T03:02:40","date_gmt":"2023-11-04T02:02:40","guid":{"rendered":"http:\/\/innocentiemangonipiante.it\/sambucus-racemosa-sutherland-gold\/"},"modified":"2023-11-06T15:57:27","modified_gmt":"2023-11-06T14:57:27","slug":"sambucus-racemosa-sutherland-gold","status":"publish","type":"product","link":"https:\/\/innocentiemangonipiante.it\/fr\/sambucus-racemosa-sutherland-gold\/","title":{"rendered":"SAMBUCUS racemosa &lsquo;Sutherland Gold&rsquo;"},"content":{"rendered":"<p>Jolie s\u00e9lection avec feuillage plumeux bronze puis dor\u00e9. R\u00e9sistent en plein soleil. Fleurs d\u2019\u00e9t\u00e9 blanc creme suivi de fruits rouges.<\/p>\n","protected":false},"excerpt":{"rendered":"<p>Jolie s\u00e9lection avec feuillage plumeux bronze puis dor\u00e9. R\u00e9sistent en plein soleil. Fleurs d\u2019\u00e9t\u00e9 blanc creme suivi de fruits rouges.<\/p>\n","protected":false},"featured_media":0,"template":"","meta":{"_acf_changed":false},"product_brand":[],"product_cat":[8812],"product_tag":[10897],"class_list":{"0":"post-27588","1":"product","2":"type-product","3":"status-publish","5":"product_cat-arbres-et-arbustes-a-feuilles-caduques","6":"product_tag-naturelle","7":"pa_altezza-massima-200-fr","8":"pa_altezza-massima-300-fr-2","9":"pa_colore-fioritura-blanc","10":"pa_famiglia-caprifoliaceae-fr","11":"pa_genere-sambucus-fr","12":"pa_inquinamento-resistance-a-la-pollution","13":"pa_origine-europe-fr","14":"pa_periodo-fioritura-juillet","15":"pa_periodo-fioritura-juin","16":"pa_periodo-fruttificazione-septembre","17":"pa_portamento-arrondi","18":"pa_profumo-intense-fr","19":"pa_resistenza-climatica-tres-elevee","20":"pa_resistenza-del-suolo-resistant-au-sol-humide","21":"pa_resistenza-del-suolo-resistant-aux-sols-calcaires","22":"pa_salinita-resistance-a-la-salinisation","23":"pa_utilizzo-haies","24":"pa_utilizzo-petits-jardins","26":"first","27":"instock","28":"purchasable","29":"product-type-simple"},"acf":[],"_links":{"self":[{"href":"https:\/\/innocentiemangonipiante.it\/fr\/wp-json\/wp\/v2\/product\/27588","targetHints":{"allow":["GET"]}}],"collection":[{"href":"https:\/\/innocentiemangonipiante.it\/fr\/wp-json\/wp\/v2\/product"}],"about":[{"href":"https:\/\/innocentiemangonipiante.it\/fr\/wp-json\/wp\/v2\/types\/product"}],"wp:attachment":[{"href":"https:\/\/innocentiemangonipiante.it\/fr\/wp-json\/wp\/v2\/media?parent=27588"}],"wp:term":[{"taxonomy":"product_brand","embeddable":true,"href":"https:\/\/innocentiemangonipiante.it\/fr\/wp-json\/wp\/v2\/product_brand?post=27588"},{"taxonomy":"product_cat","embeddable":true,"href":"https:\/\/innocentiemangonipiante.it\/fr\/wp-json\/wp\/v2\/product_cat?post=27588"},{"taxonomy":"product_tag","embeddable":true,"href":"https:\/\/innocentiemangonipiante.it\/fr\/wp-json\/wp\/v2\/product_tag?post=27588"}],"curies":[{"name":"wp","href":"https:\/\/api.w.org\/{rel}","templated":true}]}}