{"id":27607,"date":"2023-11-04T03:05:25","date_gmt":"2023-11-04T02:05:25","guid":{"rendered":"http:\/\/innocentiemangonipiante.it\/solanum-jasminoides-2\/"},"modified":"2023-11-06T15:58:39","modified_gmt":"2023-11-06T14:58:39","slug":"solanum-jasminoides","status":"publish","type":"product","link":"https:\/\/innocentiemangonipiante.it\/fr\/solanum-jasminoides\/","title":{"rendered":"SOLANUM jasminoides"},"content":{"rendered":"<p>Arbuste grimpant, persistant \u00e0 semi-persistant, avec feuilles \u00e9troitement ov\u00e9es \u00e0 lanc\u00e9ol\u00e9es, luisantes, de couleur vert sombre et d\u2019une longueur de 5 cm. En \u00e9t\u00e9 et en automne, il donne des fleurs parfum\u00e9es de couleur blanc-bleu d\u2019une largeur de 2-3 cm environ r\u00e9unies en trochets suivis de petits fruits ovo\u00efdaux de couleur noir.<\/p>\n","protected":false},"excerpt":{"rendered":"<p>Arbuste grimpant, persistant \u00e0 semi-persistant, avec feuilles \u00e9troitement ov\u00e9es \u00e0 lanc\u00e9ol\u00e9es, luisantes, de couleur vert sombre et d\u2019une longueur de 5 cm. En \u00e9t\u00e9 et en automne, il donne des fleurs parfum\u00e9es de couleur blanc-bleu d\u2019une largeur de 2-3 cm environ r\u00e9unies en trochets suivis de petits fruits ovo\u00efdaux de couleur noir.<\/p>\n","protected":false},"featured_media":24723,"template":"","meta":{"_acf_changed":false},"product_brand":[],"product_cat":[8836],"product_tag":[10897],"class_list":{"0":"post-27607","1":"product","2":"type-product","3":"status-publish","4":"has-post-thumbnail","6":"product_cat-lianes","7":"product_tag-naturelle","8":"pa_altezza-massima-400-fr","9":"pa_altezza-massima-600-fr","10":"pa_colore-fioritura-blanc","11":"pa_famiglia-solanaceae-fr","12":"pa_genere-solanum-fr","13":"pa_origine-bresil","14":"pa_periodo-fioritura-aout","15":"pa_periodo-fioritura-juillet","16":"pa_periodo-fioritura-juin","17":"pa_periodo-fioritura-octobre","18":"pa_periodo-fioritura-septembre","19":"pa_profumo-delicat","20":"pa_resistenza-climatica-plantes-avec-une-faible-resistance-climatique","21":"pa_resistenza-del-suolo-resistant-au-sol-humide","22":"pa_resistenza-del-suolo-resistant-aux-sols-secs","23":"pa_utilizzo-balcons","24":"pa_utilizzo-petits-jardins","26":"first","27":"instock","28":"purchasable","29":"product-type-simple"},"acf":[],"_links":{"self":[{"href":"https:\/\/innocentiemangonipiante.it\/fr\/wp-json\/wp\/v2\/product\/27607","targetHints":{"allow":["GET"]}}],"collection":[{"href":"https:\/\/innocentiemangonipiante.it\/fr\/wp-json\/wp\/v2\/product"}],"about":[{"href":"https:\/\/innocentiemangonipiante.it\/fr\/wp-json\/wp\/v2\/types\/product"}],"wp:featuredmedia":[{"embeddable":true,"href":"https:\/\/innocentiemangonipiante.it\/fr\/wp-json\/wp\/v2\/media\/24723"}],"wp:attachment":[{"href":"https:\/\/innocentiemangonipiante.it\/fr\/wp-json\/wp\/v2\/media?parent=27607"}],"wp:term":[{"taxonomy":"product_brand","embeddable":true,"href":"https:\/\/innocentiemangonipiante.it\/fr\/wp-json\/wp\/v2\/product_brand?post=27607"},{"taxonomy":"product_cat","embeddable":true,"href":"https:\/\/innocentiemangonipiante.it\/fr\/wp-json\/wp\/v2\/product_cat?post=27607"},{"taxonomy":"product_tag","embeddable":true,"href":"https:\/\/innocentiemangonipiante.it\/fr\/wp-json\/wp\/v2\/product_tag?post=27607"}],"curies":[{"name":"wp","href":"https:\/\/api.w.org\/{rel}","templated":true}]}}