{"id":27610,"date":"2023-11-04T03:06:16","date_gmt":"2023-11-04T02:06:16","guid":{"rendered":"http:\/\/innocentiemangonipiante.it\/sorbus-aucuparia-wettra-2\/"},"modified":"2023-11-06T15:59:03","modified_gmt":"2023-11-06T14:59:03","slug":"sorbus-aucuparia-wettra","status":"publish","type":"product","link":"https:\/\/innocentiemangonipiante.it\/fr\/sorbus-aucuparia-wettra\/","title":{"rendered":"SORBUS aucuparia &lsquo;Wettra&rsquo;"},"content":{"rendered":"<p>Vari\u00e9t\u00e9 de greffe au port l\u00e9g\u00e8rement plus \u00e9rig\u00e9 et compact et aux fruits abondants de couleur rouge vif.<\/p>\n","protected":false},"excerpt":{"rendered":"<p>Vari\u00e9t\u00e9 de greffe au port l\u00e9g\u00e8rement plus \u00e9rig\u00e9 et compact et aux fruits abondants de couleur rouge vif.<\/p>\n","protected":false},"featured_media":24746,"template":"","meta":{"_acf_changed":false},"product_brand":[],"product_cat":[8812],"product_tag":[10897],"class_list":{"0":"post-27610","1":"product","2":"type-product","3":"status-publish","4":"has-post-thumbnail","6":"product_cat-arbres-et-arbustes-a-feuilles-caduques","7":"product_tag-naturelle","8":"pa_altezza-massima-800-fr","9":"pa_altezza-massima-1000-fr-2","10":"pa_colore-fioritura-blanc","11":"pa_famiglia-rosaceae-fr","12":"pa_genere-sorbus-fr","13":"pa_inquinamento-resistance-a-la-pollution","14":"pa_origine-europe-du-nord-fr-2","15":"pa_periodo-fioritura-juin","16":"pa_periodo-fioritura-mai","17":"pa_periodo-fruttificazione-aout","18":"pa_portamento-arrondi","19":"pa_profumo-delicat","20":"pa_resistenza-climatica-tres-elevee","21":"pa_resistenza-del-suolo-resistant-au-sol-humide","22":"pa_resistenza-del-suolo-resistant-aux-sols-calcaires","23":"pa_resistenza-del-suolo-resistant-aux-sols-secs","24":"pa_salinita-resistance-a-la-salinisation","25":"pa_utilizzo-avenues-fr","26":"pa_utilizzo-parcs","27":"pa_utilizzo-petits-jardins","29":"first","30":"instock","31":"purchasable","32":"product-type-simple"},"acf":[],"_links":{"self":[{"href":"https:\/\/innocentiemangonipiante.it\/fr\/wp-json\/wp\/v2\/product\/27610","targetHints":{"allow":["GET"]}}],"collection":[{"href":"https:\/\/innocentiemangonipiante.it\/fr\/wp-json\/wp\/v2\/product"}],"about":[{"href":"https:\/\/innocentiemangonipiante.it\/fr\/wp-json\/wp\/v2\/types\/product"}],"wp:featuredmedia":[{"embeddable":true,"href":"https:\/\/innocentiemangonipiante.it\/fr\/wp-json\/wp\/v2\/media\/24746"}],"wp:attachment":[{"href":"https:\/\/innocentiemangonipiante.it\/fr\/wp-json\/wp\/v2\/media?parent=27610"}],"wp:term":[{"taxonomy":"product_brand","embeddable":true,"href":"https:\/\/innocentiemangonipiante.it\/fr\/wp-json\/wp\/v2\/product_brand?post=27610"},{"taxonomy":"product_cat","embeddable":true,"href":"https:\/\/innocentiemangonipiante.it\/fr\/wp-json\/wp\/v2\/product_cat?post=27610"},{"taxonomy":"product_tag","embeddable":true,"href":"https:\/\/innocentiemangonipiante.it\/fr\/wp-json\/wp\/v2\/product_tag?post=27610"}],"curies":[{"name":"wp","href":"https:\/\/api.w.org\/{rel}","templated":true}]}}