{"id":27611,"date":"2023-11-04T03:06:25","date_gmt":"2023-11-04T02:06:25","guid":{"rendered":"http:\/\/innocentiemangonipiante.it\/sorbus-domestica\/"},"modified":"2023-11-06T15:59:05","modified_gmt":"2023-11-06T14:59:05","slug":"sorbus-domestica","status":"publish","type":"product","link":"https:\/\/innocentiemangonipiante.it\/fr\/sorbus-domestica\/","title":{"rendered":"SORBUS domestica"},"content":{"rendered":"<p>Vari\u00e9t\u00e9 qui produit fruit \u00e0 forme de poire avec peau de couleur jaune tach\u00e9e de rouge.<\/p>\n","protected":false},"excerpt":{"rendered":"<p>Vari\u00e9t\u00e9 qui produit fruit \u00e0 forme de poire avec peau de couleur jaune tach\u00e9e de rouge.<\/p>\n","protected":false},"featured_media":24757,"template":"","meta":{"_acf_changed":false},"product_brand":[],"product_cat":[8812,9230],"product_tag":[10897,6255],"class_list":{"0":"post-27611","1":"product","2":"type-product","3":"status-publish","4":"has-post-thumbnail","6":"product_cat-arbres-et-arbustes-a-feuilles-caduques","7":"product_cat-arbres-et-plantes-du-futur","8":"product_tag-naturelle","9":"product_tag-demi-tige","10":"pa_altezza-massima-800-fr","11":"pa_altezza-massima-12-metres","12":"pa_arte-topiaria-disponible-plante-en-forme","13":"pa_colore-fioritura-blanc","14":"pa_condizionamento-clt-fr","15":"pa_famiglia-rosaceae-fr","16":"pa_genere-sorbus-fr","17":"pa_origine-europe-mediterraneenne","18":"pa_periodo-fioritura-juin","19":"pa_periodo-fioritura-mai","20":"pa_periodo-fruttificazione-octobre","21":"pa_periodo-fruttificazione-septembre","22":"pa_portamento-arrondi","23":"pa_profumo-delicat","24":"pa_resistenza-climatica-tres-elevee","25":"pa_resistenza-del-suolo-resistant-aux-sols-calcaires","26":"pa_resistenza-del-suolo-resistant-aux-sols-secs","27":"pa_utilizzo-petits-jardins","29":"first","30":"instock","31":"purchasable","32":"product-type-simple"},"acf":[],"_links":{"self":[{"href":"https:\/\/innocentiemangonipiante.it\/fr\/wp-json\/wp\/v2\/product\/27611","targetHints":{"allow":["GET"]}}],"collection":[{"href":"https:\/\/innocentiemangonipiante.it\/fr\/wp-json\/wp\/v2\/product"}],"about":[{"href":"https:\/\/innocentiemangonipiante.it\/fr\/wp-json\/wp\/v2\/types\/product"}],"wp:featuredmedia":[{"embeddable":true,"href":"https:\/\/innocentiemangonipiante.it\/fr\/wp-json\/wp\/v2\/media\/24757"}],"wp:attachment":[{"href":"https:\/\/innocentiemangonipiante.it\/fr\/wp-json\/wp\/v2\/media?parent=27611"}],"wp:term":[{"taxonomy":"product_brand","embeddable":true,"href":"https:\/\/innocentiemangonipiante.it\/fr\/wp-json\/wp\/v2\/product_brand?post=27611"},{"taxonomy":"product_cat","embeddable":true,"href":"https:\/\/innocentiemangonipiante.it\/fr\/wp-json\/wp\/v2\/product_cat?post=27611"},{"taxonomy":"product_tag","embeddable":true,"href":"https:\/\/innocentiemangonipiante.it\/fr\/wp-json\/wp\/v2\/product_tag?post=27611"}],"curies":[{"name":"wp","href":"https:\/\/api.w.org\/{rel}","templated":true}]}}