{"id":27639,"date":"2023-11-04T03:12:14","date_gmt":"2023-11-04T02:12:14","guid":{"rendered":"http:\/\/innocentiemangonipiante.it\/taxus-baccata\/"},"modified":"2023-11-06T16:02:26","modified_gmt":"2023-11-06T15:02:26","slug":"taxus-baccata","status":"publish","type":"product","link":"https:\/\/innocentiemangonipiante.it\/fr\/taxus-baccata\/","title":{"rendered":"TAXUS baccata"},"content":{"rendered":"<p>\u201cIf commun\u201d. Conif\u00e8re au port largement conique \u00e0 arrondi de fa\u00e7on irr\u00e9guli\u00e8re \u00e0 l\u2019\u00e9tat adulte. Les branches sont amples, horizontales, avec des rameaux l\u00e9g\u00e8rement retombants. \u00c9corce squameuse de couleur pourpre-marron. Les feuilles lin\u00e9aires, vert sombre luisant, sont de 2-3 cm de longueur.<\/p>\n","protected":false},"excerpt":{"rendered":"<p>\u201cIf commun\u201d. Conif\u00e8re au port largement conique \u00e0 arrondi de fa\u00e7on irr\u00e9guli\u00e8re \u00e0 l\u2019\u00e9tat adulte. Les branches sont amples, horizontales, avec des rameaux l\u00e9g\u00e8rement retombants. \u00c9corce squameuse de couleur pourpre-marron. Les feuilles lin\u00e9aires, vert sombre luisant, sont de 2-3 cm de longueur.<\/p>\n","protected":false},"featured_media":24895,"template":"","meta":{"_acf_changed":false},"product_brand":[],"product_cat":[8824],"product_tag":[10897],"class_list":{"0":"post-27639","1":"product","2":"type-product","3":"status-publish","4":"has-post-thumbnail","6":"product_cat-coniferes","7":"product_tag-naturelle","8":"pa_altezza-massima-1000-fr-2","9":"pa_altezza-massima-15-metres","10":"pa_famiglia-taxaceae-fr","11":"pa_genere-taxus-fr","12":"pa_inquinamento-resistance-a-la-pollution","13":"pa_origine-europe-fr","14":"pa_portamento-arrondi","15":"pa_resistenza-climatica-tres-elevee","16":"pa_resistenza-del-suolo-resistant-aux-sols-calcaires","17":"pa_utilizzo-parcs","18":"pa_utilizzo-petits-jardins","20":"first","21":"instock","22":"purchasable","23":"product-type-simple"},"acf":[],"_links":{"self":[{"href":"https:\/\/innocentiemangonipiante.it\/fr\/wp-json\/wp\/v2\/product\/27639","targetHints":{"allow":["GET"]}}],"collection":[{"href":"https:\/\/innocentiemangonipiante.it\/fr\/wp-json\/wp\/v2\/product"}],"about":[{"href":"https:\/\/innocentiemangonipiante.it\/fr\/wp-json\/wp\/v2\/types\/product"}],"wp:featuredmedia":[{"embeddable":true,"href":"https:\/\/innocentiemangonipiante.it\/fr\/wp-json\/wp\/v2\/media\/24895"}],"wp:attachment":[{"href":"https:\/\/innocentiemangonipiante.it\/fr\/wp-json\/wp\/v2\/media?parent=27639"}],"wp:term":[{"taxonomy":"product_brand","embeddable":true,"href":"https:\/\/innocentiemangonipiante.it\/fr\/wp-json\/wp\/v2\/product_brand?post=27639"},{"taxonomy":"product_cat","embeddable":true,"href":"https:\/\/innocentiemangonipiante.it\/fr\/wp-json\/wp\/v2\/product_cat?post=27639"},{"taxonomy":"product_tag","embeddable":true,"href":"https:\/\/innocentiemangonipiante.it\/fr\/wp-json\/wp\/v2\/product_tag?post=27639"}],"curies":[{"name":"wp","href":"https:\/\/api.w.org\/{rel}","templated":true}]}}