{"id":27641,"date":"2023-11-04T03:12:34","date_gmt":"2023-11-04T02:12:34","guid":{"rendered":"http:\/\/innocentiemangonipiante.it\/taxus-baccata-fastigiata\/"},"modified":"2023-11-06T16:03:16","modified_gmt":"2023-11-06T15:03:16","slug":"taxus-baccata-fastigiata","status":"publish","type":"product","link":"https:\/\/innocentiemangonipiante.it\/fr\/taxus-baccata-fastigiata\/","title":{"rendered":"TAXUS baccata &lsquo;Fastigiata&rsquo;"},"content":{"rendered":"<p>\u201cIf d\u2019Irlande\u201d. Forme \u00e9troite, \u00e9rig\u00e9e et colonnaire qui devient plus large \u00e0 l\u2019\u00e9tat adulte. Croissance assez lente. Les feuilles, de couleur vert fonc\u00e9, sont dispos\u00e9es de fa\u00e7on radiale sur la branche.<\/p>\n","protected":false},"excerpt":{"rendered":"<p>\u201cIf d\u2019Irlande\u201d. Forme \u00e9troite, \u00e9rig\u00e9e et colonnaire qui devient plus large \u00e0 l\u2019\u00e9tat adulte. Croissance assez lente. Les feuilles, de couleur vert fonc\u00e9, sont dispos\u00e9es de fa\u00e7on radiale sur la branche.<\/p>\n","protected":false},"featured_media":24902,"template":"","meta":{"_acf_changed":false},"product_brand":[],"product_cat":[8824],"product_tag":[10897],"class_list":{"0":"post-27641","1":"product","2":"type-product","3":"status-publish","4":"has-post-thumbnail","6":"product_cat-coniferes","7":"product_tag-naturelle","8":"pa_altezza-massima-500-fr","9":"pa_altezza-massima-800-fr","10":"pa_famiglia-taxaceae-fr","11":"pa_genere-taxus-fr","12":"pa_inquinamento-resistance-a-la-pollution","13":"pa_origine-irlande","14":"pa_portamento-de-colonne","15":"pa_resistenza-climatica-tres-elevee","16":"pa_resistenza-del-suolo-resistant-aux-sols-calcaires","17":"pa_utilizzo-parcs","18":"pa_utilizzo-petits-jardins","20":"first","21":"instock","22":"purchasable","23":"product-type-simple"},"acf":[],"_links":{"self":[{"href":"https:\/\/innocentiemangonipiante.it\/fr\/wp-json\/wp\/v2\/product\/27641","targetHints":{"allow":["GET"]}}],"collection":[{"href":"https:\/\/innocentiemangonipiante.it\/fr\/wp-json\/wp\/v2\/product"}],"about":[{"href":"https:\/\/innocentiemangonipiante.it\/fr\/wp-json\/wp\/v2\/types\/product"}],"wp:featuredmedia":[{"embeddable":true,"href":"https:\/\/innocentiemangonipiante.it\/fr\/wp-json\/wp\/v2\/media\/24902"}],"wp:attachment":[{"href":"https:\/\/innocentiemangonipiante.it\/fr\/wp-json\/wp\/v2\/media?parent=27641"}],"wp:term":[{"taxonomy":"product_brand","embeddable":true,"href":"https:\/\/innocentiemangonipiante.it\/fr\/wp-json\/wp\/v2\/product_brand?post=27641"},{"taxonomy":"product_cat","embeddable":true,"href":"https:\/\/innocentiemangonipiante.it\/fr\/wp-json\/wp\/v2\/product_cat?post=27641"},{"taxonomy":"product_tag","embeddable":true,"href":"https:\/\/innocentiemangonipiante.it\/fr\/wp-json\/wp\/v2\/product_tag?post=27641"}],"curies":[{"name":"wp","href":"https:\/\/api.w.org\/{rel}","templated":true}]}}