{"id":27648,"date":"2023-11-04T03:13:42","date_gmt":"2023-11-04T02:13:42","guid":{"rendered":"http:\/\/innocentiemangonipiante.it\/thuja-occidentalis-smaragd-2\/"},"modified":"2023-11-06T16:03:50","modified_gmt":"2023-11-06T15:03:50","slug":"thuja-occidentalis-smaragd","status":"publish","type":"product","link":"https:\/\/innocentiemangonipiante.it\/fr\/thuja-occidentalis-smaragd\/","title":{"rendered":"THUJA occidentalis &lsquo;Smaragd&rsquo;"},"content":{"rendered":"<p>Conif\u00e8re tr\u00e8s d\u00e9coratif au port \u00e9troit conique \u00e0 colonnaire et au feuillage squamiforme de couleur vert brillant.<\/p>\n","protected":false},"excerpt":{"rendered":"<p>Conif\u00e8re tr\u00e8s d\u00e9coratif au port \u00e9troit conique \u00e0 colonnaire et au feuillage squamiforme de couleur vert brillant.<\/p>\n","protected":false},"featured_media":24929,"template":"","meta":{"_acf_changed":false},"product_brand":[],"product_cat":[8824],"product_tag":[10897],"class_list":{"0":"post-27648","1":"product","2":"type-product","3":"status-publish","4":"has-post-thumbnail","6":"product_cat-coniferes","7":"product_tag-naturelle","8":"pa_altezza-massima-400-fr","9":"pa_altezza-massima-600-fr","10":"pa_famiglia-cupressaceae-fr","11":"pa_genere-thuja-fr","12":"pa_inquinamento-resistance-a-la-pollution","13":"pa_origine-danemark","14":"pa_portamento-conico-fr","15":"pa_resistenza-climatica-tres-elevee","16":"pa_resistenza-del-suolo-resistant-aux-sols-calcaires","17":"pa_utilizzo-petits-jardins","19":"first","20":"instock","21":"purchasable","22":"product-type-simple"},"acf":[],"_links":{"self":[{"href":"https:\/\/innocentiemangonipiante.it\/fr\/wp-json\/wp\/v2\/product\/27648","targetHints":{"allow":["GET"]}}],"collection":[{"href":"https:\/\/innocentiemangonipiante.it\/fr\/wp-json\/wp\/v2\/product"}],"about":[{"href":"https:\/\/innocentiemangonipiante.it\/fr\/wp-json\/wp\/v2\/types\/product"}],"wp:featuredmedia":[{"embeddable":true,"href":"https:\/\/innocentiemangonipiante.it\/fr\/wp-json\/wp\/v2\/media\/24929"}],"wp:attachment":[{"href":"https:\/\/innocentiemangonipiante.it\/fr\/wp-json\/wp\/v2\/media?parent=27648"}],"wp:term":[{"taxonomy":"product_brand","embeddable":true,"href":"https:\/\/innocentiemangonipiante.it\/fr\/wp-json\/wp\/v2\/product_brand?post=27648"},{"taxonomy":"product_cat","embeddable":true,"href":"https:\/\/innocentiemangonipiante.it\/fr\/wp-json\/wp\/v2\/product_cat?post=27648"},{"taxonomy":"product_tag","embeddable":true,"href":"https:\/\/innocentiemangonipiante.it\/fr\/wp-json\/wp\/v2\/product_tag?post=27648"}],"curies":[{"name":"wp","href":"https:\/\/api.w.org\/{rel}","templated":true}]}}