{"id":27659,"date":"2023-11-04T03:18:39","date_gmt":"2023-11-04T02:18:39","guid":{"rendered":"http:\/\/innocentiemangonipiante.it\/vaccinium-corymbosum\/"},"modified":"2023-11-06T16:07:05","modified_gmt":"2023-11-06T15:07:05","slug":"vaccinium-corymbosum","status":"publish","type":"product","link":"https:\/\/innocentiemangonipiante.it\/fr\/vaccinium-corymbosum\/","title":{"rendered":"VACCINIUM corymbosum"},"content":{"rendered":"<p>Arbuste caduc, \u00e9rig\u00e9, avec feuilles arqu\u00e9es et feuilles lanc\u00e9ol\u00e9es-elliptiques, vert moyen jusqu\u2019\u00e0 10cm de longueur. \u00c0 la fin du printemps il produit des fleurs campanul\u00e9es, retombantes de couleur blanche\/nuanc\u00e9es de rose, suivies par des fruits doux, comestibles, 0,8cm de largeur.<\/p>\n","protected":false},"excerpt":{"rendered":"<p>Arbuste caduc, \u00e9rig\u00e9, avec feuilles arqu\u00e9es et feuilles lanc\u00e9ol\u00e9es-elliptiques, vert moyen jusqu\u2019\u00e0 10cm de longueur. \u00c0 la fin du printemps il produit des fleurs campanul\u00e9es, retombantes de couleur blanche\/nuanc\u00e9es de rose, suivies par des fruits doux, comestibles, 0,8cm de largeur.<\/p>\n","protected":false},"featured_media":24985,"template":"","meta":{"_acf_changed":false},"product_brand":[],"product_cat":[8812],"product_tag":[10897],"class_list":{"0":"post-27659","1":"product","2":"type-product","3":"status-publish","4":"has-post-thumbnail","6":"product_cat-arbres-et-arbustes-a-feuilles-caduques","7":"product_tag-naturelle","8":"pa_altezza-massima-150-fr","9":"pa_altezza-massima-200-fr","10":"pa_colore-fioritura-blanc","11":"pa_condizionamento-clt-fr","12":"pa_famiglia-ericaceae-fr","13":"pa_genere-vaccinium-fr","14":"pa_origine-origine-delle-piante-u-s-a","15":"pa_periodo-fioritura-mai","16":"pa_periodo-fruttificazione-aout","17":"pa_periodo-fruttificazione-juillet","18":"pa_periodo-fruttificazione-juin","19":"pa_portamento-de-colonne","20":"pa_resistenza-climatica-tres-elevee","21":"pa_salinita-resistance-a-la-salinisation","22":"pa_utilizzo-petits-jardins","24":"first","25":"instock","26":"purchasable","27":"product-type-simple"},"acf":[],"_links":{"self":[{"href":"https:\/\/innocentiemangonipiante.it\/fr\/wp-json\/wp\/v2\/product\/27659","targetHints":{"allow":["GET"]}}],"collection":[{"href":"https:\/\/innocentiemangonipiante.it\/fr\/wp-json\/wp\/v2\/product"}],"about":[{"href":"https:\/\/innocentiemangonipiante.it\/fr\/wp-json\/wp\/v2\/types\/product"}],"wp:featuredmedia":[{"embeddable":true,"href":"https:\/\/innocentiemangonipiante.it\/fr\/wp-json\/wp\/v2\/media\/24985"}],"wp:attachment":[{"href":"https:\/\/innocentiemangonipiante.it\/fr\/wp-json\/wp\/v2\/media?parent=27659"}],"wp:term":[{"taxonomy":"product_brand","embeddable":true,"href":"https:\/\/innocentiemangonipiante.it\/fr\/wp-json\/wp\/v2\/product_brand?post=27659"},{"taxonomy":"product_cat","embeddable":true,"href":"https:\/\/innocentiemangonipiante.it\/fr\/wp-json\/wp\/v2\/product_cat?post=27659"},{"taxonomy":"product_tag","embeddable":true,"href":"https:\/\/innocentiemangonipiante.it\/fr\/wp-json\/wp\/v2\/product_tag?post=27659"}],"curies":[{"name":"wp","href":"https:\/\/api.w.org\/{rel}","templated":true}]}}