{"id":27675,"date":"2023-11-04T03:21:59","date_gmt":"2023-11-04T02:21:59","guid":{"rendered":"http:\/\/innocentiemangonipiante.it\/vitis-vinifera\/"},"modified":"2023-11-06T16:08:45","modified_gmt":"2023-11-06T15:08:45","slug":"vitis-vinifera","status":"publish","type":"product","link":"https:\/\/innocentiemangonipiante.it\/fr\/vitis-vinifera\/","title":{"rendered":"VITIS vinifera"},"content":{"rendered":"<p>Genre comprenant environ 65 esp\u00e8ces de plantes grimpantes munis de vrilles, caduques et ligneuses. Elles ont l\u2019\u00e9corce qui s\u2019effeuille en vieillissant. Les feuilles sont altern\u00e9es, simples \u00e0 lob\u00e9es, allant du vert clair au vert sombre. Les fleurs vertes minuscules pointent en panicules en \u00e9t\u00e9 et sont remplac\u00e9es par des fruits (grappes de baies) comestibles qui peuvent \u00eatre utilis\u00e9es pour produire du vin.<\/p>\n","protected":false},"excerpt":{"rendered":"<p>Genre comprenant environ 65 esp\u00e8ces de plantes grimpantes munis de vrilles, caduques et ligneuses. Elles ont l\u2019\u00e9corce qui s\u2019effeuille en vieillissant. Les feuilles sont altern\u00e9es, simples \u00e0 lob\u00e9es, allant du vert clair au vert sombre. Les fleurs vertes minuscules pointent en panicules en \u00e9t\u00e9 et sont remplac\u00e9es par des fruits (grappes de baies) comestibles qui [&hellip;]<\/p>\n","protected":false},"featured_media":25056,"template":"","meta":{"_acf_changed":false},"product_brand":[],"product_cat":[8808],"product_tag":[10897],"class_list":{"0":"post-27675","1":"product","2":"type-product","3":"status-publish","4":"has-post-thumbnail","6":"product_cat-fruitiers","7":"product_tag-naturelle","8":"pa_altezza-massima-300-fr-2","9":"pa_altezza-massima-400-fr","10":"pa_famiglia-vitaceae-fr","11":"pa_genere-vitis-fr","12":"pa_origine-europe-fr","13":"pa_periodo-fruttificazione-aout","14":"pa_periodo-fruttificazione-octobre","15":"pa_periodo-fruttificazione-septembre","16":"pa_resistenza-climatica-moyenne-elevee","17":"pa_resistenza-del-suolo-resistant-aux-sols-calcaires","18":"pa_resistenza-del-suolo-resistant-aux-sols-secs","19":"pa_utilizzo-parcs","20":"pa_utilizzo-petits-jardins","22":"first","23":"instock","24":"purchasable","25":"product-type-simple"},"acf":[],"_links":{"self":[{"href":"https:\/\/innocentiemangonipiante.it\/fr\/wp-json\/wp\/v2\/product\/27675","targetHints":{"allow":["GET"]}}],"collection":[{"href":"https:\/\/innocentiemangonipiante.it\/fr\/wp-json\/wp\/v2\/product"}],"about":[{"href":"https:\/\/innocentiemangonipiante.it\/fr\/wp-json\/wp\/v2\/types\/product"}],"wp:featuredmedia":[{"embeddable":true,"href":"https:\/\/innocentiemangonipiante.it\/fr\/wp-json\/wp\/v2\/media\/25056"}],"wp:attachment":[{"href":"https:\/\/innocentiemangonipiante.it\/fr\/wp-json\/wp\/v2\/media?parent=27675"}],"wp:term":[{"taxonomy":"product_brand","embeddable":true,"href":"https:\/\/innocentiemangonipiante.it\/fr\/wp-json\/wp\/v2\/product_brand?post=27675"},{"taxonomy":"product_cat","embeddable":true,"href":"https:\/\/innocentiemangonipiante.it\/fr\/wp-json\/wp\/v2\/product_cat?post=27675"},{"taxonomy":"product_tag","embeddable":true,"href":"https:\/\/innocentiemangonipiante.it\/fr\/wp-json\/wp\/v2\/product_tag?post=27675"}],"curies":[{"name":"wp","href":"https:\/\/api.w.org\/{rel}","templated":true}]}}