{"id":63904,"date":"2023-11-03T23:05:42","date_gmt":"2023-11-03T22:05:42","guid":{"rendered":"http:\/\/innocentiemangonipiante.it\/acacia-baileyana\/"},"modified":"2023-11-06T13:45:44","modified_gmt":"2023-11-06T12:45:44","slug":"acacia-baileyana","status":"publish","type":"product","link":"https:\/\/innocentiemangonipiante.it\/fr\/acacia-baileyana\/","title":{"rendered":"ACACIA baileyana"},"content":{"rendered":"<p>Vari\u00e9t\u00e9 de greffe persistant feuillage gris-argent\u00e9, fleuraison janvier-f\u00e9vrier.<\/p>\n","protected":false},"excerpt":{"rendered":"<p>Vari\u00e9t\u00e9 de greffe persistant feuillage gris-argent\u00e9, fleuraison janvier-f\u00e9vrier.<\/p>\n","protected":false},"featured_media":104,"template":"","meta":{"_acf_changed":false},"product_brand":[],"product_cat":[8817],"product_tag":[10897],"class_list":{"0":"post-63904","1":"product","2":"type-product","3":"status-publish","4":"has-post-thumbnail","6":"product_cat-arbres-et-arbustes-persistants","7":"product_tag-naturelle","8":"pa_altezza-massima-500-fr","9":"pa_altezza-massima-800-fr","10":"pa_colore-delle-foglie-grises","11":"pa_colore-fioritura-jaune","12":"pa_famiglia-leguminosae-fr","13":"pa_genere-acacia-fr","14":"pa_origine-australie","15":"pa_periodo-fioritura-fevrier","16":"pa_periodo-fioritura-janvier","17":"pa_portamento-arrondi","18":"pa_profumo-delicat","19":"pa_resistenza-climatica-moyenne","20":"pa_resistenza-del-suolo-resistant-aux-sols-secs","21":"pa_salinita-resistance-a-la-salinisation","22":"pa_utilizzo-parcs","23":"pa_utilizzo-petits-jardins","25":"first","26":"instock","27":"purchasable","28":"product-type-simple"},"acf":[],"_links":{"self":[{"href":"https:\/\/innocentiemangonipiante.it\/fr\/wp-json\/wp\/v2\/product\/63904","targetHints":{"allow":["GET"]}}],"collection":[{"href":"https:\/\/innocentiemangonipiante.it\/fr\/wp-json\/wp\/v2\/product"}],"about":[{"href":"https:\/\/innocentiemangonipiante.it\/fr\/wp-json\/wp\/v2\/types\/product"}],"wp:featuredmedia":[{"embeddable":true,"href":"https:\/\/innocentiemangonipiante.it\/fr\/wp-json\/wp\/v2\/media\/104"}],"wp:attachment":[{"href":"https:\/\/innocentiemangonipiante.it\/fr\/wp-json\/wp\/v2\/media?parent=63904"}],"wp:term":[{"taxonomy":"product_brand","embeddable":true,"href":"https:\/\/innocentiemangonipiante.it\/fr\/wp-json\/wp\/v2\/product_brand?post=63904"},{"taxonomy":"product_cat","embeddable":true,"href":"https:\/\/innocentiemangonipiante.it\/fr\/wp-json\/wp\/v2\/product_cat?post=63904"},{"taxonomy":"product_tag","embeddable":true,"href":"https:\/\/innocentiemangonipiante.it\/fr\/wp-json\/wp\/v2\/product_tag?post=63904"}],"curies":[{"name":"wp","href":"https:\/\/api.w.org\/{rel}","templated":true}]}}