{"id":63911,"date":"2023-11-03T23:31:27","date_gmt":"2023-11-03T22:31:27","guid":{"rendered":"http:\/\/innocentiemangonipiante.it\/arundo-donax-2\/"},"modified":"2023-11-06T13:59:02","modified_gmt":"2023-11-06T12:59:02","slug":"arundo-donax-2","status":"publish","type":"product","link":"https:\/\/innocentiemangonipiante.it\/fr\/arundo-donax-2\/","title":{"rendered":"ARUNDO donax"},"content":{"rendered":"<p>Roseau commun. Plante vivace rhizomateuse \u00e0 tiges robustes et \u00e0 feuilles vertes, courb\u00e9es et lin\u00e9aires, jusqu&rsquo;\u00e0 60 cm de long.<\/p>\n","protected":false},"excerpt":{"rendered":"<p>Roseau commun. Plante vivace rhizomateuse \u00e0 tiges robustes et \u00e0 feuilles vertes, courb\u00e9es et lin\u00e9aires, jusqu&rsquo;\u00e0 60 cm de long.<\/p>\n","protected":false},"featured_media":20534,"template":"","meta":{"_acf_changed":false},"product_brand":[],"product_cat":[8828],"product_tag":[10897],"class_list":{"0":"post-63911","1":"product","2":"type-product","3":"status-publish","4":"has-post-thumbnail","6":"product_cat-herbes-vivaces","7":"product_tag-naturelle","8":"pa_altezza-massima-400-fr","9":"pa_altezza-massima-600-fr","10":"pa_condizionamento-clt-fr","11":"pa_famiglia-poaceae-fr","12":"pa_genere-arundo-fr","13":"pa_origine-europe-mediterraneenne","14":"pa_periodo-fioritura-juillet","15":"pa_periodo-fioritura-juin","16":"pa_portamento-eretto-fr","17":"pa_resistenza-climatica-moyenne","18":"pa_utilizzo-haies","19":"pa_utilizzo-parcs","21":"first","22":"instock","23":"purchasable","24":"product-type-simple"},"acf":[],"_links":{"self":[{"href":"https:\/\/innocentiemangonipiante.it\/fr\/wp-json\/wp\/v2\/product\/63911","targetHints":{"allow":["GET"]}}],"collection":[{"href":"https:\/\/innocentiemangonipiante.it\/fr\/wp-json\/wp\/v2\/product"}],"about":[{"href":"https:\/\/innocentiemangonipiante.it\/fr\/wp-json\/wp\/v2\/types\/product"}],"wp:featuredmedia":[{"embeddable":true,"href":"https:\/\/innocentiemangonipiante.it\/fr\/wp-json\/wp\/v2\/media\/20534"}],"wp:attachment":[{"href":"https:\/\/innocentiemangonipiante.it\/fr\/wp-json\/wp\/v2\/media?parent=63911"}],"wp:term":[{"taxonomy":"product_brand","embeddable":true,"href":"https:\/\/innocentiemangonipiante.it\/fr\/wp-json\/wp\/v2\/product_brand?post=63911"},{"taxonomy":"product_cat","embeddable":true,"href":"https:\/\/innocentiemangonipiante.it\/fr\/wp-json\/wp\/v2\/product_cat?post=63911"},{"taxonomy":"product_tag","embeddable":true,"href":"https:\/\/innocentiemangonipiante.it\/fr\/wp-json\/wp\/v2\/product_tag?post=63911"}],"curies":[{"name":"wp","href":"https:\/\/api.w.org\/{rel}","templated":true}]}}