{"id":63913,"date":"2023-11-03T23:32:57","date_gmt":"2023-11-03T22:32:57","guid":{"rendered":"http:\/\/innocentiemangonipiante.it\/aucuba-japonica-crotonifolia\/"},"modified":"2023-11-06T13:59:36","modified_gmt":"2023-11-06T12:59:36","slug":"aucuba-japonica-crotonifolia","status":"publish","type":"product","link":"https:\/\/innocentiemangonipiante.it\/fr\/aucuba-japonica-crotonifolia\/","title":{"rendered":"AUCUBA japonica &lsquo;Crotonifolia&rsquo;"},"content":{"rendered":"<p>Arbuste persistant au port arrondi et aux feuilles de elliptiques \u00e0 ov\u00e9es de couleur verte panach\u00e9e de jaune.<\/p>\n","protected":false},"excerpt":{"rendered":"<p>Arbuste persistant au port arrondi et aux feuilles de elliptiques \u00e0 ov\u00e9es de couleur verte panach\u00e9e de jaune.<\/p>\n","protected":false},"featured_media":20591,"template":"","meta":{"_acf_changed":false},"product_brand":[],"product_cat":[8817],"product_tag":[10897,6266],"class_list":{"0":"post-63913","1":"product","2":"type-product","3":"status-publish","4":"has-post-thumbnail","6":"product_cat-arbres-et-arbustes-persistants","7":"product_tag-naturelle","8":"product_tag-jardiniere","9":"pa_altezza-massima-200-fr","10":"pa_altezza-massima-400-fr","11":"pa_colore-delle-foglie-panachees","12":"pa_colore-fioritura-rouge","13":"pa_condizionamento-clt-fr","14":"pa_condizionamento-vs-fr","15":"pa_famiglia-cornaceae-fr","16":"pa_genere-aucuba-fr","17":"pa_inquinamento-resistance-a-la-pollution","18":"pa_origine-asie-orientale","19":"pa_periodo-fioritura-avril","20":"pa_periodo-fruttificazione-novembre-fr","21":"pa_periodo-fruttificazione-octobre","22":"pa_portamento-arrondi","23":"pa_resistenza-climatica-tres-elevee","24":"pa_salinita-resistance-a-la-salinisation","25":"pa_utilizzo-balcons","26":"pa_utilizzo-interieur","27":"pa_utilizzo-petits-jardins","29":"first","30":"instock","31":"purchasable","32":"product-type-simple"},"acf":[],"_links":{"self":[{"href":"https:\/\/innocentiemangonipiante.it\/fr\/wp-json\/wp\/v2\/product\/63913","targetHints":{"allow":["GET"]}}],"collection":[{"href":"https:\/\/innocentiemangonipiante.it\/fr\/wp-json\/wp\/v2\/product"}],"about":[{"href":"https:\/\/innocentiemangonipiante.it\/fr\/wp-json\/wp\/v2\/types\/product"}],"wp:featuredmedia":[{"embeddable":true,"href":"https:\/\/innocentiemangonipiante.it\/fr\/wp-json\/wp\/v2\/media\/20591"}],"wp:attachment":[{"href":"https:\/\/innocentiemangonipiante.it\/fr\/wp-json\/wp\/v2\/media?parent=63913"}],"wp:term":[{"taxonomy":"product_brand","embeddable":true,"href":"https:\/\/innocentiemangonipiante.it\/fr\/wp-json\/wp\/v2\/product_brand?post=63913"},{"taxonomy":"product_cat","embeddable":true,"href":"https:\/\/innocentiemangonipiante.it\/fr\/wp-json\/wp\/v2\/product_cat?post=63913"},{"taxonomy":"product_tag","embeddable":true,"href":"https:\/\/innocentiemangonipiante.it\/fr\/wp-json\/wp\/v2\/product_tag?post=63913"}],"curies":[{"name":"wp","href":"https:\/\/api.w.org\/{rel}","templated":true}]}}