{"id":63918,"date":"2023-11-03T23:43:15","date_gmt":"2023-11-03T22:43:15","guid":{"rendered":"http:\/\/innocentiemangonipiante.it\/betula-jacquemontii\/"},"modified":"2023-11-06T14:04:57","modified_gmt":"2023-11-06T13:04:57","slug":"betula-jacquemontii","status":"publish","type":"product","link":"https:\/\/innocentiemangonipiante.it\/fr\/betula-jacquemontii\/","title":{"rendered":"BETULA jacquemontii"},"content":{"rendered":"<p>Arbre \u00e0 feuille caduque de taille moyenne. Les branches jeunes sont de couleur marron-marron clair jusqu\u2019\u00e0 adopter leur couleur typique blanc pur en formant une \u00e9corce qui s\u2019effeuille en limbes fines \u00e0 partir de la 3e &#8211; 4e ann\u00e9e. Les feuilles de couleur vert fonc\u00e9 virent au jaune d\u2019or en automne.<\/p>\n","protected":false},"excerpt":{"rendered":"<p>Arbre \u00e0 feuille caduque de taille moyenne. Les branches jeunes sont de couleur marron-marron clair jusqu\u2019\u00e0 adopter leur couleur typique blanc pur en formant une \u00e9corce qui s\u2019effeuille en limbes fines \u00e0 partir de la 3e &#8211; 4e ann\u00e9e. Les feuilles de couleur vert fonc\u00e9 virent au jaune d\u2019or en automne.<\/p>\n","protected":false},"featured_media":20761,"template":"","meta":{"_acf_changed":false},"product_brand":[],"product_cat":[8812,9230],"product_tag":[10897,8596,8400],"class_list":{"0":"post-63918","1":"product","2":"type-product","3":"status-publish","4":"has-post-thumbnail","6":"product_cat-arbres-et-arbustes-a-feuilles-caduques","7":"product_cat-arbres-et-plantes-du-futur","8":"product_tag-naturelle","9":"product_tag-cepee","10":"product_tag-tige","11":"pa_altezza-massima-800-fr","12":"pa_altezza-massima-12-metres","13":"pa_condizionamento-clt-fr","14":"pa_condizionamento-motte","15":"pa_famiglia-betulaceae-fr","16":"pa_genere-betula-fr","17":"pa_origine-himalaya-fr","18":"pa_portamento-arrondi","19":"pa_resistenza-climatica-tres-elevee","20":"pa_resistenza-del-suolo-resistant-au-sol-humide","21":"pa_utilizzo-avenues-fr","22":"pa_utilizzo-parcs","24":"first","25":"instock","26":"purchasable","27":"product-type-simple"},"acf":[],"_links":{"self":[{"href":"https:\/\/innocentiemangonipiante.it\/fr\/wp-json\/wp\/v2\/product\/63918","targetHints":{"allow":["GET"]}}],"collection":[{"href":"https:\/\/innocentiemangonipiante.it\/fr\/wp-json\/wp\/v2\/product"}],"about":[{"href":"https:\/\/innocentiemangonipiante.it\/fr\/wp-json\/wp\/v2\/types\/product"}],"wp:featuredmedia":[{"embeddable":true,"href":"https:\/\/innocentiemangonipiante.it\/fr\/wp-json\/wp\/v2\/media\/20761"}],"wp:attachment":[{"href":"https:\/\/innocentiemangonipiante.it\/fr\/wp-json\/wp\/v2\/media?parent=63918"}],"wp:term":[{"taxonomy":"product_brand","embeddable":true,"href":"https:\/\/innocentiemangonipiante.it\/fr\/wp-json\/wp\/v2\/product_brand?post=63918"},{"taxonomy":"product_cat","embeddable":true,"href":"https:\/\/innocentiemangonipiante.it\/fr\/wp-json\/wp\/v2\/product_cat?post=63918"},{"taxonomy":"product_tag","embeddable":true,"href":"https:\/\/innocentiemangonipiante.it\/fr\/wp-json\/wp\/v2\/product_tag?post=63918"}],"curies":[{"name":"wp","href":"https:\/\/api.w.org\/{rel}","templated":true}]}}