{"id":63921,"date":"2023-11-03T23:47:20","date_gmt":"2023-11-03T22:47:20","guid":{"rendered":"http:\/\/innocentiemangonipiante.it\/butia-capitata\/"},"modified":"2023-11-06T14:07:09","modified_gmt":"2023-11-06T13:07:09","slug":"butia-capitata","status":"publish","type":"product","link":"https:\/\/innocentiemangonipiante.it\/fr\/butia-capitata\/","title":{"rendered":"BUTIA capitata"},"content":{"rendered":"<p>Palmier \u00e0 croissance lente avec un tronc robuste souvent recouvert de bases foliaires. Les feuilles sont tr\u00e8s recourb\u00e9es et d\u2019une couleur gris-vert avec des nuances bleues. Elles peuvent atteindre une longueur de 2 m. Il donne des fleurs jaunes r\u00e9unies en panicules d\u2019une longueur d\u2019un 1,5 m.<\/p>\n","protected":false},"excerpt":{"rendered":"<p>Palmier \u00e0 croissance lente avec un tronc robuste souvent recouvert de bases foliaires. Les feuilles sont tr\u00e8s recourb\u00e9es et d\u2019une couleur gris-vert avec des nuances bleues. Elles peuvent atteindre une longueur de 2 m. Il donne des fleurs jaunes r\u00e9unies en panicules d\u2019une longueur d\u2019un 1,5 m.<\/p>\n","protected":false},"featured_media":20837,"template":"","meta":{"_acf_changed":false},"product_brand":[],"product_cat":[8833,9230],"product_tag":[10897],"class_list":{"0":"post-63921","1":"product","2":"type-product","3":"status-publish","4":"has-post-thumbnail","6":"product_cat-palme-et-succulent","7":"product_cat-arbres-et-plantes-du-futur","8":"product_tag-naturelle","9":"pa_altezza-massima-400-fr","10":"pa_altezza-massima-600-fr","11":"pa_colore-delle-foglie-grises","12":"pa_condizionamento-bac-d-orangerie","13":"pa_condizionamento-clt-fr","14":"pa_condizionamento-vs-fr","15":"pa_famiglia-palmae-fr","16":"pa_genere-butia-fr","17":"pa_origine-bresil","18":"pa_portamento-eretto-fr","19":"pa_resistenza-climatica-moyenne-elevee","20":"pa_resistenza-del-suolo-resistant-aux-sols-secs","21":"pa_utilizzo-parcs","23":"first","24":"instock","25":"purchasable","26":"product-type-simple"},"acf":[],"_links":{"self":[{"href":"https:\/\/innocentiemangonipiante.it\/fr\/wp-json\/wp\/v2\/product\/63921","targetHints":{"allow":["GET"]}}],"collection":[{"href":"https:\/\/innocentiemangonipiante.it\/fr\/wp-json\/wp\/v2\/product"}],"about":[{"href":"https:\/\/innocentiemangonipiante.it\/fr\/wp-json\/wp\/v2\/types\/product"}],"wp:featuredmedia":[{"embeddable":true,"href":"https:\/\/innocentiemangonipiante.it\/fr\/wp-json\/wp\/v2\/media\/20837"}],"wp:attachment":[{"href":"https:\/\/innocentiemangonipiante.it\/fr\/wp-json\/wp\/v2\/media?parent=63921"}],"wp:term":[{"taxonomy":"product_brand","embeddable":true,"href":"https:\/\/innocentiemangonipiante.it\/fr\/wp-json\/wp\/v2\/product_brand?post=63921"},{"taxonomy":"product_cat","embeddable":true,"href":"https:\/\/innocentiemangonipiante.it\/fr\/wp-json\/wp\/v2\/product_cat?post=63921"},{"taxonomy":"product_tag","embeddable":true,"href":"https:\/\/innocentiemangonipiante.it\/fr\/wp-json\/wp\/v2\/product_tag?post=63921"}],"curies":[{"name":"wp","href":"https:\/\/api.w.org\/{rel}","templated":true}]}}